{"id":463,"date":"2018-06-13T17:48:32","date_gmt":"2018-06-13T15:48:32","guid":{"rendered":"http:\/\/www.studiocrivellari.it\/?page_id=463"},"modified":"2019-11-05T10:36:53","modified_gmt":"2019-11-05T09:36:53","slug":"donazione","status":"publish","type":"page","link":"https:\/\/www.studiocrivellari.it\/en\/servizi\/famiglia\/donazione\/","title":{"rendered":"Family Donations"},"content":{"rendered":"<p>[et_pb_section bb_built=&#8221;1&#8243; next_background_color=&#8221;#000000&#8243; _builder_version=&#8221;3.0.101&#8243;][et_pb_row][et_pb_column type=&#8221;4_4&#8243;][et_pb_text _builder_version=&#8221;3.0.101&#8243; background_layout=&#8221;light&#8221;]<\/p>\n<h2>Donazione<\/h2>\n<p>[\/et_pb_text][\/et_pb_column][\/et_pb_row][et_pb_row][et_pb_column type=&#8221;4_4&#8243;][et_pb_text _builder_version=&#8221;3.0.101&#8243; background_layout=&#8221;light&#8221;]<\/p>\n<p align=\"JUSTIFY\"> La donazione \u00e8 il contratto con il quale, per spirito di liberalit\u00e0, una persona arricchisce l\u2019altra, disponendo a suo favore di un suo diritto o assumendo verso la stessa un\u2019obbligazione. Poich\u00e9 una volta conclusa \u00e8 di norma irrevocabile ad opera di una delle parti, per la donazione \u00e8 essenziale \u00e8 la forma del contratto: deve essere conclusa sotto il controllo del notaio per atto pubblico alla presenza di due testimoni. \u00c8 opportuno quindi farsi consigliare dal notaio che potr\u00e0 indicare le soluzioni giuridiche pi\u00f9 adatte ad evitare futuri, dolorosi contenziosi familiari e rilevanti problemi di commerciabilit\u00e0 dei beni donati.  <\/p>\n<p align=\"JUSTIFY\"> <b>Cos&#8217;\u00e8<\/b> <\/p>\n<p align=\"JUSTIFY\"> La donazione \u00e8 il contratto con il quale, per spirito di liberalit\u00e0, una parte arricchisce l\u2019altra, disponendo a favore di questa di un suo diritto o assumendo verso la stessa un\u2019obbligazione. La donazione \u00e8 quindi un contratto: da ci\u00f2 discende che, una volta conclusa, essa \u00e8 di norma irrevocabile ad opera di una delle parti. <\/p>\n<p align=\"JUSTIFY\"> Gli elementi essenziali della donazione sono due: <\/p>\n<ul>\n<li>\n<p align=\"JUSTIFY\"> lo spirito di liberalit\u00e0; <\/p>\n<\/li>\n<li>\n<p align=\"JUSTIFY\"> l\u2019arricchimento del donatario. <\/p>\n<\/li>\n<\/ul>\n<p align=\"JUSTIFY\"> <b>Come si costituisce<\/b> <\/p>\n<p align=\"JUSTIFY\"> Elemento essenziale della donazione \u00e8 la  <b> forma<\/b>  : infatti, essa deve essere conclusa per   <b>atto pubblico alla presenza di due testimoni<\/b>  ; pertanto, l\u2019intervento del notaio \u00e8 necessario al fine di disporre dei propri beni a titolo di donazione.\u00a0La necessit\u00e0 dell\u2019atto pubblico si giustifica con l\u2019importanza dell\u2019atto di donazione e per gli effetti sul patrimonio del donante che deve essere, oltre che capace d\u2019intendere di volere, pienamente consapevole dell\u2019atto che sta facendo e di tutte le conseguenze che ne derivano. E\u2019 quindi molto importante la consulenza del notaio per avere tutti i chiarimenti necessari e opportuni.\u00a0 <\/p>\n<p align=\"JUSTIFY\"> <b>Effetti<\/b> <\/p>\n<p align=\"JUSTIFY\"> La donazione \u00e8 uno strumento idoneo a soddisfare molteplici interessi. Infatti, \u00e8 possibile inserire apposite clausole (c.d. \u201ccondizioni\u201d o \u201coneri\u201d) per soddisfare alcune specifiche esigenze (per esempio, ti dono questa casa con l\u2019onere di prestarmi assistenza). <\/p>\n<p align=\"JUSTIFY\"> Assai comune \u00e8 la donazione di un immobile con riserva di usufrutto a vantaggio del donante: ci\u00f2 significa che il donante si spoglia anticipatamente della propriet\u00e0 del bene trattenendo per s\u00e9 l\u2019usufrutto, che si estinguer\u00e0 automaticamente al momento della morte (o al termine stabilito); il donante che si \u00e8 riservato l\u2019usufrutto avr\u00e0 il godimento del bene (per esempio, potr\u00e0 viverci o riscuotere eventualmente l\u2019affitto) ma ne sopporter\u00e0 anche le spese ordinarie e le eventuali imposte. <\/p>\n<p align=\"JUSTIFY\"> La donazione \u00e8 un   <b>atto soggetto a revocazione<\/b>  , per alcune cause tassative di natura etico-sociale. In particolare, pu\u00f2 essere revocata: <\/p>\n<ul>\n<li>\n<p align=\"JUSTIFY\"> <b>per ingratitudine del donatario<\/b>  : cio\u00e8 qualora il donatario abbia commesso atti particolarmente gravi nei confronti del donante o del suo patrimonio; <\/p>\n<\/li>\n<li>\n<p align=\"JUSTIFY\"> <b>per sopravvenienza di figli<\/b>  : cio\u00e8 qualora il donante abbia figli o discendenti ovvero scopra di averne successivamente alla donazione. <\/p>\n<\/li>\n<\/ul>\n<p align=\"JUSTIFY\"> La <a href=\"http:\/\/www.notariato.it\/sites\/default\/files\/TABELLA1_SUCCESSIONE_LEGITTIMA_EREDI_LEGITTIMARI.pdf\"> <b> donazione fatta a legittimari<\/b> <\/a> \u00a0del donante \u00e8 considerata dalla legge un anticipo di eredit\u00e0: ci\u00f2 significa che, al momento della morte del donante, essa dovr\u00e0 essere imputata alla quota riservata. <\/p>\n<p align=\"JUSTIFY\"> <b>Tutela degli eredi legittimari\u00a0<\/b> <\/p>\n<p align=\"JUSTIFY\"> Proprio con riferimento ai rapporti tra la donazione e la futura successione del donante, occorre sapere che la   <b>donazione \u00e8 un atto \u201ca rischio\u201d<\/b>  , che pu\u00f2 pregiudicare la successiva circolazione dei beni donati o l\u2019ottenimento di un finanziamento garantito dal bene donato.\u00a0 <\/p>\n<p align=\"JUSTIFY\"> La legge, infatti,   <b>tutela alcune categorie di familiari (legittimari), riservando agli stessi una quota di eredit\u00e0 (legittima)<\/b>  \u00a0anche contro una volont\u00e0 del defunto espressa in una donazione. Questi soggetti sono i discendenti (figli e nipoti), gli ascendenti (genitori, nonni, e cos\u00ec via) e il coniuge: se le donazioni, pur sempre valide ed efficaci, al momento della morte del donante dovessero risultare, dopo calcoli molto complicati, lesive dei diritti di un legittimario, questo potr\u00e0 agire in giudizio per renderle inefficaci (  <b>azione di riduzione<\/b>  ). <\/p>\n<p align=\"JUSTIFY\"> La tutela del legittimario, inoltre, pu\u00f2 coinvolgere anche terzi che abbiano acquistato diritti dal donatario (comprese le banche che per la concessione di un mutuo abbiano ricevuto in garanzia un immobile oggetto di donazione). Infatti, qualora il donatario non abbia beni sufficienti per soddisfare le eventuali pretese del legittimario, si potr\u00e0 chiedere la restituzione del bene all\u2019acquirente stesso (azione di restituzione), il quale avr\u00e0 la facolt\u00e0 di liberarsi con il versamento di una somma corrispondente. <\/p>\n<p align=\"JUSTIFY\"> \u00c8\u00a0bene precisare che   <b>i legittimari non possono rinunciare al loro diritto di agire in giudizio, finch\u00e9 colui della cui eredit\u00e0 si tratta \u00e8 ancora in vita<\/b>  , neanche prestando il loro assenso alla donazione; solo quando il donante sar\u00e0 morto, potranno prestare acquiescenza alla donazione compiuta. <\/p>\n<table border=\"0\" width=\"648\" cellspacing=\"0\" cellpadding=\"1\">\n<colgroup>\n<col width=\"646\" \/> <\/colgroup>\n<tbody>\n<tr>\n<td width=\"646\">\n<p align=\"JUSTIFY\"> <i><b>IL RUOLO DEL NOTAIO<\/b><\/i> <\/p>\n<p align=\"JUSTIFY\"> <i>In considerazione della complessit\u00e0 dei problemi che possono nascere da una donazione <\/i>  <i><b>\u00e8 opportuno farsi consigliare dal notaio che potr\u00e0 indicare le soluzioni giuridiche che possano evitare futuri, dolorosi contenziosi familiari e rilevanti problemi di commerciabilit\u00e0 dei beni donati<\/b><\/i>  <i>. Il notaio ha un ruolo centrale al fine di pianificare gli assetti futuri della famiglia con serenit\u00e0 e consapevolezza. La donazione, visti i suoi effetti sul patrimonio del donante, si effettua per atto pubblico alla presenza di due testimoni.<\/i> <\/p>\n<\/td>\n<\/tr>\n<\/tbody>\n<\/table>\n<p>[\/et_pb_text][\/et_pb_column][\/et_pb_row][\/et_pb_section][et_pb_section bb_built=&#8221;1&#8243; fullwidth=&#8221;off&#8221; specialty=&#8221;off&#8221; prev_background_color=&#8221;#000000&#8243; _builder_version=&#8221;3.0.101&#8243; module_id=&#8221;il_footer&#8221; disabled=&#8221;off&#8221; global_module=&#8221;71&#8243;][et_pb_row global_parent=&#8221;71&#8243; background_position=&#8221;top_left&#8221; background_repeat=&#8221;repeat&#8221; background_size=&#8221;initial&#8221;][et_pb_column type=&#8221;1_2&#8243;][et_pb_text global_parent=&#8221;71&#8243; _builder_version=&#8221;3.0.101&#8243; background_layout=&#8221;light&#8221;]<\/p>\n<p><strong>Padova<\/strong><br \/>Piazzetta G. Bettiol, 15<br \/>Tel. +39 049 650233<br \/>email <a href=\"mailto:info@studiocrivellari.it\">info@studiocrivellari.it<\/a><\/p>\n<p>[\/et_pb_text][et_pb_text global_parent=&#8221;71&#8243; _builder_version=&#8221;3.0.101&#8243; background_layout=&#8221;light&#8221;]<\/p>\n<p><strong>Stanghella<\/strong><br \/>Via Nazionale, 154<br \/>Tel. +39 0425 95389<br \/>email <a href=\"mailto:stanghella@studiocrivellari.it\">stanghella@studiocrivellari.it<\/a><\/p>\n<p>[\/et_pb_text][et_pb_text global_parent=&#8221;71&#8243; _builder_version=&#8221;3.0.101&#8243; background_layout=&#8221;light&#8221;]<\/p>\n<p><strong>Tombolo<\/strong><br \/>Via Municipio, 1\/A<br \/>Tel. +39 049 5969475<br \/>email <a href=\"mailto:tombolo@studiocrivellari.it\">tombolo@studiocrivellari.it<\/a><\/p>\n<p>[\/et_pb_text][et_pb_text global_parent=&#8221;71&#8243; _builder_version=&#8221;3.0.101&#8243; background_layout=&#8221;light&#8221;]<\/p>\n<p><strong>Maser\u00e0 di Padova<\/strong><br \/>Via Conselvana, 172<br \/>Tel. +39 049 8862282<br \/>email <a href=\"mailto:masera@studiocrivellari.it\">masera@studiocrivellari.it<\/a><\/p>\n<p>[\/et_pb_text][\/et_pb_column][et_pb_column type=&#8221;1_2&#8243;][et_pb_text global_parent=&#8221;71&#8243; _builder_version=&#8221;3.0.101&#8243; background_layout=&#8221;light&#8221;]<\/p>\n<div role=\"form\" class=\"wpcf7\" id=\"wpcf7-f41-o3\" lang=\"it-IT\" dir=\"ltr\">\n<div class=\"screen-reader-response\"><p role=\"status\" aria-live=\"polite\" aria-atomic=\"true\"><\/p> <ul><\/ul><\/div>\n<form action=\"\/en\/wp-json\/wp\/v2\/pages\/463#wpcf7-f41-o3\" method=\"post\" class=\"wpcf7-form init\" novalidate=\"novalidate\" data-status=\"init\">\n<div style=\"display: none;\">\n<input type=\"hidden\" name=\"_wpcf7\" value=\"41\" \/>\n<input type=\"hidden\" name=\"_wpcf7_version\" value=\"5.6.3\" \/>\n<input type=\"hidden\" name=\"_wpcf7_locale\" value=\"it_IT\" \/>\n<input type=\"hidden\" name=\"_wpcf7_unit_tag\" value=\"wpcf7-f41-o3\" \/>\n<input type=\"hidden\" name=\"_wpcf7_container_post\" value=\"0\" \/>\n<input type=\"hidden\" name=\"_wpcf7_posted_data_hash\" value=\"\" \/>\n<\/div>\n<p><span class=\"wpcf7-form-control-wrap\" data-name=\"your-name\"><input type=\"text\" name=\"your-name\" value=\"\" size=\"40\" class=\"wpcf7-form-control wpcf7-text wpcf7-validates-as-required\" aria-required=\"true\" aria-invalid=\"false\" placeholder=\"Nome\" \/><\/span><\/p>\n<p><span class=\"wpcf7-form-control-wrap\" data-name=\"your-email\"><input type=\"email\" name=\"your-email\" value=\"\" size=\"40\" class=\"wpcf7-form-control wpcf7-text wpcf7-email wpcf7-validates-as-required wpcf7-validates-as-email\" aria-required=\"true\" aria-invalid=\"false\" placeholder=\"Email\" \/><\/span><\/p>\n<p><span class=\"wpcf7-form-control-wrap\" data-name=\"your-tel\"><input type=\"text\" name=\"your-tel\" value=\"\" size=\"40\" class=\"wpcf7-form-control wpcf7-text wpcf7-validates-as-required\" aria-required=\"true\" aria-invalid=\"false\" placeholder=\"Telefono\" \/><\/span><\/p>\n<p><span class=\"wpcf7-form-control-wrap\" data-name=\"your-subject\"><input type=\"text\" name=\"your-subject\" value=\"\" size=\"40\" class=\"wpcf7-form-control wpcf7-text wpcf7-validates-as-required\" aria-required=\"true\" aria-invalid=\"false\" placeholder=\"Oggetto\" \/><\/span><\/p>\n<p><span class=\"wpcf7-form-control-wrap\" data-name=\"your-message\"><textarea name=\"your-message\" cols=\"40\" rows=\"10\" class=\"wpcf7-form-control wpcf7-textarea wpcf7-validates-as-required\" aria-required=\"true\" aria-invalid=\"false\" placeholder=\"Richiesta\"><\/textarea><\/span><\/p>\n<p><span class=\"wpcf7-form-control-wrap\" data-name=\"acceptance\"><span class=\"wpcf7-form-control wpcf7-acceptance\"><span class=\"wpcf7-list-item\"><input type=\"checkbox\" name=\"acceptance\" value=\"1\" aria-invalid=\"false\" \/><\/span><\/span><\/span> Dichiaro di aver letto la <a href=\"\/privacy-policy\" target=\"_blank\">Privacy Policy<\/a>, pertanto presto il mio consenso per ricevere le informazioni richieste.<\/p>\n<p><input type=\"submit\" value=\"Invia\" class=\"wpcf7-form-control has-spinner wpcf7-submit\" \/><\/p>\n<div class=\"wpcf7-response-output\" aria-hidden=\"true\"><\/div><\/form><\/div>\n<p>[\/et_pb_text][\/et_pb_column][\/et_pb_row][\/et_pb_section]<\/p>","protected":false},"excerpt":{"rendered":"<p>[et_pb_section bb_built=&#8221;1&#8243; next_background_color=&#8221;#000000&#8243; _builder_version=&#8221;3.0.101&#8243;][et_pb_row][et_pb_column type=&#8221;4_4&#8243;][et_pb_text _builder_version=&#8221;3.0.101&#8243; background_layout=&#8221;light&#8221;] Donazione [\/et_pb_text][\/et_pb_column][\/et_pb_row][et_pb_row][et_pb_column type=&#8221;4_4&#8243;][et_pb_text _builder_version=&#8221;3.0.101&#8243; background_layout=&#8221;light&#8221;] La donazione \u00e8 il contratto con il quale, per spirito di liberalit\u00e0, una persona arricchisce l\u2019altra, disponendo a suo favore di un suo diritto o assumendo verso la stessa un\u2019obbligazione. Poich\u00e9 una volta conclusa \u00e8 di norma irrevocabile ad opera di una delle [&hellip;]<\/p>\n","protected":false},"author":1,"featured_media":0,"parent":117,"menu_order":0,"comment_status":"closed","ping_status":"closed","template":"","meta":[],"_links":{"self":[{"href":"https:\/\/www.studiocrivellari.it\/en\/wp-json\/wp\/v2\/pages\/463"}],"collection":[{"href":"https:\/\/www.studiocrivellari.it\/en\/wp-json\/wp\/v2\/pages"}],"about":[{"href":"https:\/\/www.studiocrivellari.it\/en\/wp-json\/wp\/v2\/types\/page"}],"author":[{"embeddable":true,"href":"https:\/\/www.studiocrivellari.it\/en\/wp-json\/wp\/v2\/users\/1"}],"replies":[{"embeddable":true,"href":"https:\/\/www.studiocrivellari.it\/en\/wp-json\/wp\/v2\/comments?post=463"}],"version-history":[{"count":6,"href":"https:\/\/www.studiocrivellari.it\/en\/wp-json\/wp\/v2\/pages\/463\/revisions"}],"predecessor-version":[{"id":1070,"href":"https:\/\/www.studiocrivellari.it\/en\/wp-json\/wp\/v2\/pages\/463\/revisions\/1070"}],"up":[{"embeddable":true,"href":"https:\/\/www.studiocrivellari.it\/en\/wp-json\/wp\/v2\/pages\/117"}],"wp:attachment":[{"href":"https:\/\/www.studiocrivellari.it\/en\/wp-json\/wp\/v2\/media?parent=463"}],"curies":[{"name":"wp","href":"https:\/\/api.w.org\/{rel}","templated":true}]}}