{"id":481,"date":"2018-06-13T17:53:15","date_gmt":"2018-06-13T15:53:15","guid":{"rendered":"http:\/\/www.studiocrivellari.it\/?page_id=481"},"modified":"2018-12-17T14:06:51","modified_gmt":"2018-12-17T13:06:51","slug":"contratti-di-convivenza","status":"publish","type":"page","link":"https:\/\/www.studiocrivellari.it\/en\/servizi\/famiglia\/contratti-di-convivenza\/","title":{"rendered":"Contratti di convivenza"},"content":{"rendered":"<p>[et_pb_section bb_built=&#8221;1&#8243; next_background_color=&#8221;#000000&#8243; _builder_version=&#8221;3.0.101&#8243;][et_pb_row][et_pb_column type=&#8221;4_4&#8243;][et_pb_text _builder_version=&#8221;3.0.101&#8243; background_layout=&#8221;light&#8221;]<\/p>\n<h2>Contratti di convivenza<\/h2>\n<p>[\/et_pb_text][\/et_pb_column][\/et_pb_row][et_pb_row][et_pb_column type=&#8221;4_4&#8243;][et_pb_text _builder_version=&#8221;3.0.101&#8243; background_layout=&#8221;light&#8221;]<\/p>\n<h4 class=\"western\"> Cosa sono <\/h4>\n<p align=\"JUSTIFY\"> I contratti di convivenza sono accordi con cui la coppia definisce le regole della propria convivenza, attraverso la regolamentazione dei rapporti patrimoniali della stessa ed alcuni limitati aspetti dei rapporti personali (ad es. la designazione dell\u2019amministratore di sostegno). L\u2019accordo pu\u00f2 essere usato anche per disciplinare le conseguenze patrimoniali della cessazione della convivenza. <\/p>\n<p align=\"JUSTIFY\"> Possono essere stipulati da tutte le persone che, legate da vincolo affettivo, decidono di vivere insieme stabilmente (c.d. convivenza   <i>more uxorio)<\/i>  . Pi\u00f9 precisamente, ci si riferisce all\u2019unione di vita stabile tra due persone legate da affetto che decidono di vivere insieme al di fuori del legame matrimoniale o perch\u00e9 \u00e8 loro preclusa la possibilit\u00e0 di sposarsi (ad esempio, due conviventi dello stesso sesso) o perch\u00e9 \u00e8 loro precisa volont\u00e0 quella di non soggiacere al vincolo matrimoniale. <\/p>\n<p align=\"JUSTIFY\"> Si tratta di un contratto che pu\u00f2 essere redatto dal notaio a cui le parti si rivolgono per ottenere un risultato, cucito addosso alle proprie specifiche esigenze, qualora si intenda iniziare una convivenza o sorga l\u2019esigenza di \u201cprogrammarne\u201d lo svolgimento, ad esempio in fase d\u2019acquisto di un immobile o nell\u2019ambito di una vicenda successoria. Ovviamente, non si tratta di atti \u201cfac simile\u201d, ma occorrer\u00e0 verificare insieme le esigenze specifiche della coppia per disciplinare i diversi aspetti patrimoniali, consentendo di tutelare in questo modo, nero su bianco, la parte debole della coppia. <\/p>\n<p align=\"JUSTIFY\">\n<h4 class=\"western\"> Effetti <\/h4>\n<p align=\"JUSTIFY\"> \u00c8 possibile disciplinare i diversi aspetti patrimoniali che riguardano: <\/p>\n<p align=\"JUSTIFY\"> le modalit\u00e0 di partecipazione alle spese comuni, e quindi la definizione degli obblighi di contribuzione reciproca nelle spese comuni o nell\u2019attivit\u00e0 lavorativa domestica ed extradomestica; <\/p>\n<p align=\"JUSTIFY\"> i criteri di attribuzione della propriet\u00e0 dei beni acquistati nel corso della convivenza (potendo addirittura definire un sorta di regime di comunione o separazione); <\/p>\n<p align=\"JUSTIFY\"> le modalit\u00e0 di uso della casa adibita a residenza comune (sia essa di propriet\u00e0 di uno solo dei conviventi o di entrambi i conviventi ovvero sia in affitto); <\/p>\n<p align=\"JUSTIFY\"> le modalit\u00e0 per la definizione dei reciproci rapporti patrimoniali in caso di cessazione della convivenza al fine di evitare, nel momento della rottura, discussioni e rivendicazioni; <\/p>\n<p align=\"JUSTIFY\"> la facolt\u00e0 di assistenza reciproca, in tutti i casi di malattia fisica o psichica (o qualora la capacit\u00e0 di intendere e di volere di una delle parti risulti comunque compromessa), o la designazione reciproca ad amministratore di sostegno. <\/p>\n<p align=\"JUSTIFY\"> Dal contratto di convivenza nascono dei veri e propri obblighi giuridici a carico delle parti che lo hanno sottoscritto. Pertanto la violazione di taluno degli obblighi assunti con il contratto di convivenza legittima l\u2019altra parte a rivolgersi al giudice per ottenere quanto le spetta. La durata \u201cnaturale\u201d del contratto di convivenza coincide con la durata del rapporto di convivenza. E\u2019 logico quindi subordinare gli effetti del contratto alla permanenza del rapporto di convivenza. <\/p>\n<p align=\"JUSTIFY\"> Ci\u00f2 non toglie che vi siano alcuni accordi destinati a produrre i loro effetti proprio a partire dalla cessazione del rapporto di convivenza: si pensi a tutti gli accordi che fissano le modalit\u00e0 per la definizione dei reciproci rapporti patrimoniali in caso di cessazione della convivenza. Se nel contratto sono contenuti anche accordi di questo tipo, alla cessazione del rapporto di convivenza, il contratto continuer\u00e0 a trovare applicazione proprio per disciplinare la fase di definizione dei rapporti patrimoniali e la divisione dei beni comuni. <\/p>\n<p align=\"JUSTIFY\"> Sono ritenute ammissibili clausole volte alla regolamentazione dei rapporti patrimoniali inerenti il mantenimento, l\u2019istruzione e l\u2019educazione dei figli, posto che incombe su entrambi i genitori l\u2019 obbligo di mantenere, istruire ed educare la prole. Si tratterebbe, comunque, di clausole sempre suscettibili di essere revocate e modificate se ci\u00f2 fosse richiesto al fine di perseguire l\u2019interesse dei figli (da considerarsi sempre preminente rispetto all\u2019interesse dei conviventi al rispetto degli accordi tra gli stessi intervenuti). <\/p>\n<p align=\"JUSTIFY\">\n<h4 class=\"western\" align=\"JUSTIFY\"> La facolt\u00e0 di recesso <\/h4>\n<p align=\"JUSTIFY\"> Le parti possono riservarsi, con apposite clausole inserite nel contratto di convivenza, la facolt\u00e0 di recesso. L\u2019esercizio della facolt\u00e0 di recesso potr\u00e0, a seconda di quanto pattuito dalle parti: <\/p>\n<p align=\"JUSTIFY\"> essere totalmente libero ovvero essere subordinato al verificarsi di determinati eventi o condizioni; <\/p>\n<p align=\"JUSTIFY\"> essere gratuito o essere subordinato al pagamento, all\u2019altra parte, di un corrispettivo (multa penitenziale). <\/p>\n<p>[\/et_pb_text][\/et_pb_column][\/et_pb_row][\/et_pb_section][et_pb_section bb_built=&#8221;1&#8243; fullwidth=&#8221;off&#8221; specialty=&#8221;off&#8221; prev_background_color=&#8221;#000000&#8243; _builder_version=&#8221;3.0.101&#8243; module_id=&#8221;il_footer&#8221; global_module=&#8221;71&#8243;][et_pb_row global_parent=&#8221;71&#8243; background_position=&#8221;top_left&#8221; background_repeat=&#8221;repeat&#8221; background_size=&#8221;initial&#8221;][et_pb_column type=&#8221;1_2&#8243;][et_pb_text global_parent=&#8221;71&#8243; _builder_version=&#8221;3.0.101&#8243; background_layout=&#8221;light&#8221;]<\/p>\n<p><strong>Padova<\/strong><br \/>\nPiazzetta G. Bettiol, 15,\u00a035137 Padova<br \/>\nTel. +39 049 650233<br \/>\nFax +39 049 664877<\/p>\n<p>[\/et_pb_text][et_pb_text global_parent=&#8221;71&#8243; _builder_version=&#8221;3.0.101&#8243; background_layout=&#8221;light&#8221;]<\/p>\n<p><strong>Stanghella<\/strong><br \/>\nVia Nazionale, 154,\u00a035048 Stanghella<br \/>\nTel. +39 0425 95389<br \/>\nFax +39 0425 95389<\/p>\n<p>[\/et_pb_text][et_pb_text global_parent=&#8221;71&#8243; _builder_version=&#8221;3.0.101&#8243; background_layout=&#8221;light&#8221;]<\/p>\n<p><strong>Tombolo<\/strong><br \/>\nVia Municipio, 1\/A,\u00a035019 Tombolo<br \/>\nTel. +39 049 5969475<\/p>\n<p>[\/et_pb_text][et_pb_text global_parent=&#8221;71&#8243; _builder_version=&#8221;3.0.101&#8243; background_layout=&#8221;light&#8221;]<\/p>\n<p><strong>Maser\u00e0 di Padova<\/strong><br \/>\nVia Conselvana, 172, 35020 Maser\u00e0 di Padova<br \/>\nTel. +39 049 8862282<br \/>\nFax +39 049 8868914<\/p>\n<p>[\/et_pb_text][\/et_pb_column][et_pb_column type=&#8221;1_2&#8243;][et_pb_text global_parent=&#8221;71&#8243; _builder_version=&#8221;3.0.101&#8243; background_layout=&#8221;light&#8221;]<\/p>\n<div role=\"form\" class=\"wpcf7\" id=\"wpcf7-f41-o2\" lang=\"it-IT\" dir=\"ltr\">\n<div class=\"screen-reader-response\"><p role=\"status\" aria-live=\"polite\" aria-atomic=\"true\"><\/p> <ul><\/ul><\/div>\n<form action=\"\/en\/wp-json\/wp\/v2\/pages\/481#wpcf7-f41-o2\" method=\"post\" class=\"wpcf7-form init\" novalidate=\"novalidate\" data-status=\"init\">\n<div style=\"display: none;\">\n<input type=\"hidden\" name=\"_wpcf7\" value=\"41\" \/>\n<input type=\"hidden\" name=\"_wpcf7_version\" value=\"5.6.3\" \/>\n<input type=\"hidden\" name=\"_wpcf7_locale\" value=\"it_IT\" \/>\n<input type=\"hidden\" name=\"_wpcf7_unit_tag\" value=\"wpcf7-f41-o2\" \/>\n<input type=\"hidden\" name=\"_wpcf7_container_post\" value=\"0\" \/>\n<input type=\"hidden\" name=\"_wpcf7_posted_data_hash\" value=\"\" \/>\n<\/div>\n<p><span class=\"wpcf7-form-control-wrap\" data-name=\"your-name\"><input type=\"text\" name=\"your-name\" value=\"\" size=\"40\" class=\"wpcf7-form-control wpcf7-text wpcf7-validates-as-required\" aria-required=\"true\" aria-invalid=\"false\" placeholder=\"Nome\" \/><\/span><\/p>\n<p><span class=\"wpcf7-form-control-wrap\" data-name=\"your-email\"><input type=\"email\" name=\"your-email\" value=\"\" size=\"40\" class=\"wpcf7-form-control wpcf7-text wpcf7-email wpcf7-validates-as-required wpcf7-validates-as-email\" aria-required=\"true\" aria-invalid=\"false\" placeholder=\"Email\" \/><\/span><\/p>\n<p><span class=\"wpcf7-form-control-wrap\" data-name=\"your-tel\"><input type=\"text\" name=\"your-tel\" value=\"\" size=\"40\" class=\"wpcf7-form-control wpcf7-text wpcf7-validates-as-required\" aria-required=\"true\" aria-invalid=\"false\" placeholder=\"Telefono\" \/><\/span><\/p>\n<p><span class=\"wpcf7-form-control-wrap\" data-name=\"your-subject\"><input type=\"text\" name=\"your-subject\" value=\"\" size=\"40\" class=\"wpcf7-form-control wpcf7-text wpcf7-validates-as-required\" aria-required=\"true\" aria-invalid=\"false\" placeholder=\"Oggetto\" \/><\/span><\/p>\n<p><span class=\"wpcf7-form-control-wrap\" data-name=\"your-message\"><textarea name=\"your-message\" cols=\"40\" rows=\"10\" class=\"wpcf7-form-control wpcf7-textarea wpcf7-validates-as-required\" aria-required=\"true\" aria-invalid=\"false\" placeholder=\"Richiesta\"><\/textarea><\/span><\/p>\n<p><span class=\"wpcf7-form-control-wrap\" data-name=\"acceptance\"><span class=\"wpcf7-form-control wpcf7-acceptance\"><span class=\"wpcf7-list-item\"><input type=\"checkbox\" name=\"acceptance\" value=\"1\" aria-invalid=\"false\" \/><\/span><\/span><\/span> Dichiaro di aver letto la <a href=\"\/privacy-policy\" target=\"_blank\">Privacy Policy<\/a>, pertanto presto il mio consenso per ricevere le informazioni richieste.<\/p>\n<p><input type=\"submit\" value=\"Invia\" class=\"wpcf7-form-control has-spinner wpcf7-submit\" \/><\/p>\n<div class=\"wpcf7-response-output\" aria-hidden=\"true\"><\/div><\/form><\/div>\n<p>[\/et_pb_text][\/et_pb_column][\/et_pb_row][\/et_pb_section]<\/p>","protected":false},"excerpt":{"rendered":"<p>[et_pb_section bb_built=&#8221;1&#8243; next_background_color=&#8221;#000000&#8243; _builder_version=&#8221;3.0.101&#8243;][et_pb_row][et_pb_column type=&#8221;4_4&#8243;][et_pb_text _builder_version=&#8221;3.0.101&#8243; background_layout=&#8221;light&#8221;] Contratti di convivenza [\/et_pb_text][\/et_pb_column][\/et_pb_row][et_pb_row][et_pb_column type=&#8221;4_4&#8243;][et_pb_text _builder_version=&#8221;3.0.101&#8243; background_layout=&#8221;light&#8221;] Cosa sono I contratti di convivenza sono accordi con cui la coppia definisce le regole della propria convivenza, attraverso la regolamentazione dei rapporti patrimoniali della stessa ed alcuni limitati aspetti dei rapporti personali (ad es. la designazione dell\u2019amministratore di sostegno). L\u2019accordo [&hellip;]<\/p>\n","protected":false},"author":1,"featured_media":0,"parent":117,"menu_order":0,"comment_status":"closed","ping_status":"closed","template":"","meta":[],"_links":{"self":[{"href":"https:\/\/www.studiocrivellari.it\/en\/wp-json\/wp\/v2\/pages\/481"}],"collection":[{"href":"https:\/\/www.studiocrivellari.it\/en\/wp-json\/wp\/v2\/pages"}],"about":[{"href":"https:\/\/www.studiocrivellari.it\/en\/wp-json\/wp\/v2\/types\/page"}],"author":[{"embeddable":true,"href":"https:\/\/www.studiocrivellari.it\/en\/wp-json\/wp\/v2\/users\/1"}],"replies":[{"embeddable":true,"href":"https:\/\/www.studiocrivellari.it\/en\/wp-json\/wp\/v2\/comments?post=481"}],"version-history":[{"count":4,"href":"https:\/\/www.studiocrivellari.it\/en\/wp-json\/wp\/v2\/pages\/481\/revisions"}],"predecessor-version":[{"id":836,"href":"https:\/\/www.studiocrivellari.it\/en\/wp-json\/wp\/v2\/pages\/481\/revisions\/836"}],"up":[{"embeddable":true,"href":"https:\/\/www.studiocrivellari.it\/en\/wp-json\/wp\/v2\/pages\/117"}],"wp:attachment":[{"href":"https:\/\/www.studiocrivellari.it\/en\/wp-json\/wp\/v2\/media?parent=481"}],"curies":[{"name":"wp","href":"https:\/\/api.w.org\/{rel}","templated":true}]}}