{"id":487,"date":"2018-06-13T17:54:19","date_gmt":"2018-06-13T15:54:19","guid":{"rendered":"http:\/\/www.studiocrivellari.it\/?page_id=487"},"modified":"2018-12-17T14:09:21","modified_gmt":"2018-12-17T13:09:21","slug":"trust","status":"publish","type":"page","link":"https:\/\/www.studiocrivellari.it\/en\/servizi\/terzo-settore\/trust\/","title":{"rendered":"Trust"},"content":{"rendered":"<p>[et_pb_section bb_built=&#8221;1&#8243; next_background_color=&#8221;#000000&#8243; _builder_version=&#8221;3.0.101&#8243;][et_pb_row][et_pb_column type=&#8221;4_4&#8243;][et_pb_text _builder_version=&#8221;3.0.101&#8243; background_layout=&#8221;light&#8221;]<\/p>\n<h2>Trust<\/h2>\n<p>[\/et_pb_text][\/et_pb_column][\/et_pb_row][et_pb_row][et_pb_column type=&#8221;4_4&#8243;][et_pb_text _builder_version=&#8221;3.0.101&#8243; background_layout=&#8221;light&#8221;]<\/p>\n<p align=\"JUSTIFY\"><span style=\"font-size: large;\"><b>TRUST E ALTRI STRUMENTI PER SOSTENERE LE FRAGILITA\u2019 SOCIALI<\/b> <\/span><\/p>\n<p align=\"JUSTIFY\"><b>La Legge 112\/2016<\/b> <b>(c.d. legge sul <\/b> <b>\u201cDopo di noi\u201d)<\/b> , entrata in vigore il 25 giugno 2016, \u00e8 stata emanata per favorire il benessere, la piena inclusione sociale e l\u2019autonomia delle persone con disabilit\u00e0 grave, per il raggiungimento dei quali il legislatore ha previsto importanti strumenti pubblici e privati, questi ultimi accompagnati da significativi sgravi fiscali. Obiettivi sono, altres\u00ec, la protezione, la cura, l\u2019assistenza, la deistituzionalizzazione, l\u2019autonomia e l\u2019indipendenza delle persone disabili.<\/p>\n<p align=\"JUSTIFY\">E\u2019 stato istituito un apposito fondo pubblico di assistenza, rivolto ai disabili gravi privi del sostegno familiare, per favorire percorsi di deistituzionalizzazione ed impedirne l\u2019isolamento, che ha una dotazione triennale di 90 milioni di euro per il 2016, 38,3 milioni per il 2017 e 56,1 milioni di euro dal 2018.<\/p>\n<p align=\"JUSTIFY\"><b>Quali agevolazioni ha previsto la legge? <\/b><\/p>\n<p align=\"JUSTIFY\">Per consentire la realizzazione di un <b>\u201cprogramma di vita\u201d<\/b> del disabile grave, idoneo a soddisfare le sue necessit\u00e0 e bisogni, sono stati introdotti importanti sgravi fiscali per:<\/p>\n<ul>\n<li>\n<p align=\"JUSTIFY\">le liberalit\u00e0 in denaro o in natura;<\/p>\n<\/li>\n<li>\n<p align=\"JUSTIFY\">la stipula di polizze di assicurazione;<\/p>\n<\/li>\n<li>\n<p align=\"JUSTIFY\">la costituzione di <i>trust;<\/i><\/p>\n<\/li>\n<li>\n<p align=\"JUSTIFY\">la costituzione di vincoli di destinazione di cui all\u2019articolo <i>2645-ter<\/i> del codice civile;<\/p>\n<\/li>\n<li>\n<p align=\"JUSTIFY\">la costituzione di fondi speciali &#8211; composti da beni sottoposti a vincolo di destinazione e disciplinati con contratto di affidamento fiduciario &#8211; anche a favore di onlus che operano prevalentemente nel settore della beneficenza.<\/p>\n<\/li>\n<\/ul>\n<p align=\"JUSTIFY\">Al fine di godere delle esenzioni ed agevolazioni fiscali la legge sul \u201cDopo di noi\u201d prevede la forma dell\u2019 <b>atto pubblico notarile<\/b> per la creazione di <i>trust,<\/i> la costituzione del vincolo di destinazione di cui all&#8217;articolo <i>2645-ter<\/i> c.c. e la costituzione di fondi speciali &#8211; composti da beni sottoposti a vincolo di destinazione e disciplinati con contratto di affidamento fiduciario &#8211; anche a favore di ONLUS che operano prevalentemente nel settore della beneficenza.<\/p>\n<p align=\"JUSTIFY\">Per ottenere le agevolazioni e le esenzioni fiscali, gli strumenti redatti con atto pubblico notarile devono rispettare i seguenti requisiti:<\/p>\n<ul>\n<li>finalit\u00e0 esclusiva: inclusione sociale, cura e assistenza delle persone con disabilit\u00e0 grave;<\/li>\n<li>le persone con disabilit\u00e0 grave devono essere le esclusive beneficiarie;<\/li>\n<li>identificazione in maniera chiara e univoca dei soggetti coinvolti e dei rispettivi ruoli;<\/li>\n<li>descrizione della funzionalit\u00e0 e dei bisogni specifici delle persone con disabilit\u00e0 grave;<\/li>\n<li>indicazione delle attivit\u00e0 assistenziali necessarie a garantire la cura e la soddisfazione dei bisogni delle persone con disabilit\u00e0 grave, comprese le attivit\u00e0 finalizzate a ridurre il rischio della istituzionalizzazione delle medesime;<\/li>\n<li>individuazione degli obblighi del <i>trustee,<\/i> del fiduciario e del gestore, con riguardo al progetto di vita e agli obiettivi di benessere che lo stesso deve promuovere in favore delle persone con disabilit\u00e0 grave, adottando ogni misura idonea a salvaguardarne i diritti;<\/li>\n<li>indicazione degli obblighi e delle modalit\u00e0 di rendicontazione a carico del <i>trustee<\/i> o del fiduciario o del gestore;<\/li>\n<li>individuazione del soggetto preposto al controllo delle obbligazioni imposte a carico del <i>trustee<\/i> o del fiduciario o del gestore. Tale soggetto deve essere individuabile per tutta la durata del <i>trust<\/i> o dei fondi speciali o del vincolo di destinazione;<\/li>\n<li>indicazione del termine finale della durata (coincidente con la morte della persona con disabilit\u00e0 grave) e destinazione del patrimonio residuo;<\/li>\n<li>destinazione esclusiva dei beni alla realizzazione delle finalit\u00e0 assistenziali.<\/li>\n<\/ul>\n<p align=\"JUSTIFY\">La disabilit\u00e0 grave, secondo la definizione che viene data dalla legge 104 del 1992, deve essere accertata dalle apposite commissioni mediche presso le Unit\u00e0 Sanitarie Locali.<\/p>\n<p>[\/et_pb_text][\/et_pb_column][\/et_pb_row][\/et_pb_section][et_pb_section bb_built=&#8221;1&#8243; fullwidth=&#8221;off&#8221; specialty=&#8221;off&#8221; prev_background_color=&#8221;#000000&#8243; _builder_version=&#8221;3.0.101&#8243; module_id=&#8221;il_footer&#8221; global_module=&#8221;71&#8243;][et_pb_row global_parent=&#8221;71&#8243; background_position=&#8221;top_left&#8221; background_repeat=&#8221;repeat&#8221; background_size=&#8221;initial&#8221;][et_pb_column type=&#8221;1_2&#8243;][et_pb_text global_parent=&#8221;71&#8243; _builder_version=&#8221;3.0.101&#8243; background_layout=&#8221;light&#8221;]<\/p>\n<p><strong>Padova<\/strong><br \/>\nPiazzetta G. Bettiol, 15, Padova (PD)<br \/>\nTel. +39 049 650233<br \/>\nemail info@studiocrivellari.it<\/p>\n<p>[\/et_pb_text][et_pb_text global_parent=&#8221;71&#8243; _builder_version=&#8221;3.0.101&#8243; background_layout=&#8221;light&#8221;]<\/p>\n<p><strong>Stanghella<\/strong><br \/>\nVia Nazionale, 154, Stanghella (PD)<br \/>\nTel. +39 0425 95389<br \/>\nemail stanghella@studiocrivellari.it<\/p>\n<p>[\/et_pb_text][et_pb_text global_parent=&#8221;71&#8243; _builder_version=&#8221;3.0.101&#8243; background_layout=&#8221;light&#8221;]<\/p>\n<p><strong>Tombolo<\/strong><br \/>\nVia Municipio, 1\/A, Tombolo (PD)<br \/>\nTel. +39 049 5969475<br \/>\nemail tombolo@studiocrivellari.it<\/p>\n<p>[\/et_pb_text][et_pb_text global_parent=&#8221;71&#8243; _builder_version=&#8221;3.0.101&#8243; background_layout=&#8221;light&#8221;]<\/p>\n<p><strong>Maser\u00e0 di Padova<\/strong><br \/>\nVia Conselvana, 172, Maser\u00e0 di Padova (PD)<br \/>\nTel. +39 049 8862282<br \/>\nemail masera@studiocrivellari.it<\/p>\n<p>[\/et_pb_text][\/et_pb_column][et_pb_column type=&#8221;1_2&#8243;][et_pb_text global_parent=&#8221;71&#8243; _builder_version=&#8221;3.0.101&#8243; background_layout=&#8221;light&#8221;] <div role=\"form\" class=\"wpcf7\" id=\"wpcf7-f41-o1\" lang=\"it-IT\" dir=\"ltr\">\n<div class=\"screen-reader-response\"><p role=\"status\" aria-live=\"polite\" aria-atomic=\"true\"><\/p> <ul><\/ul><\/div>\n<form action=\"\/en\/wp-json\/wp\/v2\/pages\/487#wpcf7-f41-o1\" method=\"post\" class=\"wpcf7-form init\" novalidate=\"novalidate\" data-status=\"init\">\n<div style=\"display: none;\">\n<input type=\"hidden\" name=\"_wpcf7\" value=\"41\" \/>\n<input type=\"hidden\" name=\"_wpcf7_version\" value=\"5.6.3\" \/>\n<input type=\"hidden\" name=\"_wpcf7_locale\" value=\"it_IT\" \/>\n<input type=\"hidden\" name=\"_wpcf7_unit_tag\" value=\"wpcf7-f41-o1\" \/>\n<input type=\"hidden\" name=\"_wpcf7_container_post\" value=\"0\" \/>\n<input type=\"hidden\" name=\"_wpcf7_posted_data_hash\" value=\"\" \/>\n<\/div>\n<p><span class=\"wpcf7-form-control-wrap\" data-name=\"your-name\"><input type=\"text\" name=\"your-name\" value=\"\" size=\"40\" class=\"wpcf7-form-control wpcf7-text wpcf7-validates-as-required\" aria-required=\"true\" aria-invalid=\"false\" placeholder=\"Nome\" \/><\/span><\/p>\n<p><span class=\"wpcf7-form-control-wrap\" data-name=\"your-email\"><input type=\"email\" name=\"your-email\" value=\"\" size=\"40\" class=\"wpcf7-form-control wpcf7-text wpcf7-email wpcf7-validates-as-required wpcf7-validates-as-email\" aria-required=\"true\" aria-invalid=\"false\" placeholder=\"Email\" \/><\/span><\/p>\n<p><span class=\"wpcf7-form-control-wrap\" data-name=\"your-tel\"><input type=\"text\" name=\"your-tel\" value=\"\" size=\"40\" class=\"wpcf7-form-control wpcf7-text wpcf7-validates-as-required\" aria-required=\"true\" aria-invalid=\"false\" placeholder=\"Telefono\" \/><\/span><\/p>\n<p><span class=\"wpcf7-form-control-wrap\" data-name=\"your-subject\"><input type=\"text\" name=\"your-subject\" value=\"\" size=\"40\" class=\"wpcf7-form-control wpcf7-text wpcf7-validates-as-required\" aria-required=\"true\" aria-invalid=\"false\" placeholder=\"Oggetto\" \/><\/span><\/p>\n<p><span class=\"wpcf7-form-control-wrap\" data-name=\"your-message\"><textarea name=\"your-message\" cols=\"40\" rows=\"10\" class=\"wpcf7-form-control wpcf7-textarea wpcf7-validates-as-required\" aria-required=\"true\" aria-invalid=\"false\" placeholder=\"Richiesta\"><\/textarea><\/span><\/p>\n<p><span class=\"wpcf7-form-control-wrap\" data-name=\"acceptance\"><span class=\"wpcf7-form-control wpcf7-acceptance\"><span class=\"wpcf7-list-item\"><input type=\"checkbox\" name=\"acceptance\" value=\"1\" aria-invalid=\"false\" \/><\/span><\/span><\/span> Dichiaro di aver letto la <a href=\"\/privacy-policy\" target=\"_blank\">Privacy Policy<\/a>, pertanto presto il mio consenso per ricevere le informazioni richieste.<\/p>\n<p><input type=\"submit\" value=\"Invia\" class=\"wpcf7-form-control has-spinner wpcf7-submit\" \/><\/p>\n<div class=\"wpcf7-response-output\" aria-hidden=\"true\"><\/div><\/form><\/div> [\/et_pb_text][\/et_pb_column][\/et_pb_row][\/et_pb_section]<\/p>\n","protected":false},"excerpt":{"rendered":"<p>[et_pb_section bb_built=&#8221;1&#8243; next_background_color=&#8221;#000000&#8243; _builder_version=&#8221;3.0.101&#8243;][et_pb_row][et_pb_column type=&#8221;4_4&#8243;][et_pb_text _builder_version=&#8221;3.0.101&#8243; background_layout=&#8221;light&#8221;] Trust [\/et_pb_text][\/et_pb_column][\/et_pb_row][et_pb_row][et_pb_column type=&#8221;4_4&#8243;][et_pb_text _builder_version=&#8221;3.0.101&#8243; background_layout=&#8221;light&#8221;] TRUST E ALTRI STRUMENTI PER SOSTENERE LE FRAGILITA\u2019 SOCIALI La Legge 112\/2016 (c.d. legge sul \u201cDopo di noi\u201d) , entrata in vigore il 25 giugno 2016, \u00e8 stata emanata per favorire il benessere, la piena inclusione sociale e l\u2019autonomia delle persone con disabilit\u00e0 [&hellip;]<\/p>\n","protected":false},"author":1,"featured_media":0,"parent":121,"menu_order":0,"comment_status":"closed","ping_status":"closed","template":"","meta":[],"_links":{"self":[{"href":"https:\/\/www.studiocrivellari.it\/en\/wp-json\/wp\/v2\/pages\/487"}],"collection":[{"href":"https:\/\/www.studiocrivellari.it\/en\/wp-json\/wp\/v2\/pages"}],"about":[{"href":"https:\/\/www.studiocrivellari.it\/en\/wp-json\/wp\/v2\/types\/page"}],"author":[{"embeddable":true,"href":"https:\/\/www.studiocrivellari.it\/en\/wp-json\/wp\/v2\/users\/1"}],"replies":[{"embeddable":true,"href":"https:\/\/www.studiocrivellari.it\/en\/wp-json\/wp\/v2\/comments?post=487"}],"version-history":[{"count":5,"href":"https:\/\/www.studiocrivellari.it\/en\/wp-json\/wp\/v2\/pages\/487\/revisions"}],"predecessor-version":[{"id":737,"href":"https:\/\/www.studiocrivellari.it\/en\/wp-json\/wp\/v2\/pages\/487\/revisions\/737"}],"up":[{"embeddable":true,"href":"https:\/\/www.studiocrivellari.it\/en\/wp-json\/wp\/v2\/pages\/121"}],"wp:attachment":[{"href":"https:\/\/www.studiocrivellari.it\/en\/wp-json\/wp\/v2\/media?parent=487"}],"curies":[{"name":"wp","href":"https:\/\/api.w.org\/{rel}","templated":true}]}}