{"id":132,"date":"2018-04-05T15:11:20","date_gmt":"2018-04-05T13:11:20","guid":{"rendered":"http:\/\/www.studiocrivellari.it\/?page_id=132"},"modified":"2024-02-12T12:27:36","modified_gmt":"2024-02-12T11:27:36","slug":"tombolo","status":"publish","type":"page","link":"https:\/\/www.studiocrivellari.it\/it\/tombolo\/","title":{"rendered":"Tombolo"},"content":{"rendered":"<p>[et_pb_section bb_built=&#8221;1&#8243; next_background_color=&#8221;#000000&#8243; _builder_version=&#8221;3.0.101&#8243;][et_pb_row][et_pb_column type=&#8221;4_4&#8243;][et_pb_text _builder_version=&#8221;3.0.101&#8243; background_layout=&#8221;light&#8221;]<\/p>\n<h2>Tombolo<\/h2>\n<p>[\/et_pb_text][\/et_pb_column][\/et_pb_row][\/et_pb_section][et_pb_section bb_built=&#8221;1&#8243; fullwidth=&#8221;off&#8221; specialty=&#8221;off&#8221; prev_background_color=&#8221;#000000&#8243; next_background_color=&#8221;#000000&#8243; _builder_version=&#8221;3.0.101&#8243; module_class=&#8221;padding_top_0&#8243;][et_pb_row][et_pb_column type=&#8221;1_2&#8243;][et_pb_code _builder_version=&#8221;3.0.101&#8243;]&lt;iframe src=&#8221;https:\/\/www.google.com\/maps\/embed?pb=!1m18!1m12!1m3!1d2789.187586357308!2d11.82592137594765!3d45.647054521220205!2m3!1f0!2f0!3f0!3m2!1i1024!2i768!4f13.1!3m3!1m2!1s0x4778d58dff619ee9%3A0xb0ed263685fbb7a!2sStudio%20Notarile%20Crivellari%20-%20Tombolo!5e0!3m2!1sit!2sit!4v1707737190116!5m2!1sit!2sit&#8221; width=&#8221;600&#8243; height=&#8221;600&#8243; style=&#8221;border:0;&#8221; allowfullscreen=&#8221;&#8221; loading=&#8221;lazy&#8221; referrerpolicy=&#8221;no-referrer-when-downgrade&#8221;&gt;&lt;\/iframe&gt;[\/et_pb_code][\/et_pb_column][et_pb_column type=&#8221;1_2&#8243;][et_pb_text _builder_version=&#8221;3.0.101&#8243; background_layout=&#8221;light&#8221;]<\/p>\n<p>Via Municipio, 1\/A &#8211; Tombolo (PD)<br \/>\nTel +39 049 5969475<br \/>\nemail <a href=\"mailto:tombolo@studiocrivellari.it\">tombolo@studiocrivellari.it<\/a><\/p>\n<p>[\/et_pb_text][et_pb_text _builder_version=&#8221;3.0.101&#8243; background_layout=&#8221;light&#8221;]<\/p>\n<p><strong>Orario di apertura al pubblico:<\/strong><br \/>\nlun-gio: 9.00 &#8211; 13.00 e 14.30 &#8211; 18.30<br \/>\nven: 9.00 &#8211; 13.30 e 14.00 &#8211; 17.30<br \/>\nE&#8217; comunque possibile fissare appuntamenti fuori l&#8217;orario di apertura per colloqui e\/o stipule.<\/p>\n<p>[\/et_pb_text][et_pb_text _builder_version=&#8221;3.0.101&#8243; background_layout=&#8221;light&#8221; saved_tabs=&#8221;all&#8221;]<\/p>\n<p><strong>Come raggiungerci:<\/strong><\/p>\n<p>In auto: Lo Studio si trova nel centro del paese, in Piazza Pio X (la piazza della Chiesa di Tombolo). Il palazzo \u00e8 lo stesso della Banca &#8220;Cr\u00e9dit Agricole&#8221;: l&#8217;ufficio \u00e8 al piano primo, con ingresso da Via Municipio, la strada a senso unico che dalla piazza si dirige verso Nord. Per parcheggiare: in Piazza Pio X vi sono molti parcheggi con il disco orario; in alternativa \u00e8 possibile parcheggiare lungo Via Municipio, Via Vittorio Veneto o vicino al Municipio di Tombolo.<\/p>\n<p>In autobus: linea extra-urbana numero E029 (Padova-San Giorgio delle Pertiche-Villa del Conte-Tombolo-Cittadella), fermata di Tombolo.<\/p>\n<p>[\/et_pb_text][\/et_pb_column][\/et_pb_row][\/et_pb_section][et_pb_section bb_built=&#8221;1&#8243; fullwidth=&#8221;off&#8221; specialty=&#8221;off&#8221; prev_background_color=&#8221;#000000&#8243; _builder_version=&#8221;3.0.101&#8243; module_id=&#8221;il_footer&#8221; disabled=&#8221;off&#8221; global_module=&#8221;71&#8243;][et_pb_row global_parent=&#8221;71&#8243; background_position=&#8221;top_left&#8221; background_repeat=&#8221;repeat&#8221; background_size=&#8221;initial&#8221;][et_pb_column type=&#8221;1_2&#8243;][et_pb_text global_parent=&#8221;71&#8243; _builder_version=&#8221;3.0.101&#8243; background_layout=&#8221;light&#8221;]<\/p>\n<p><strong>Padova<\/strong><br \/>\nPiazzetta Bettiol, 15, 35137 Padova PD<br \/>\nTel. +39 049 650233<br \/>\nemail <a href=\"mailto:info@studiocrivellari.it\">info@studiocrivellari.it<\/a><\/p>\n<p>[\/et_pb_text][et_pb_text global_parent=&#8221;71&#8243; _builder_version=&#8221;3.0.101&#8243; background_layout=&#8221;light&#8221;]<\/p>\n<p><strong>Stanghella<\/strong><br \/>\nVia Nazionale, 154, 35048 Stanghella PD<br \/>\nTel. +39 0425 95389<br \/>\nemail <a href=\"mailto:stanghella@studiocrivellari.it\">stanghella@studiocrivellari.it<\/a><\/p>\n<p>[\/et_pb_text][et_pb_text global_parent=&#8221;71&#8243; _builder_version=&#8221;3.0.101&#8243; background_layout=&#8221;light&#8221;]<\/p>\n<p><strong>Tombolo<\/strong><br \/>\nVia Municipio, 1\/A, 35019 Tombolo PD<br \/>\nTel. +39 049 5969475<br \/>\nemail <a href=\"mailto:tombolo@studiocrivellari.it\">tombolo@studiocrivellari.it<\/a><\/p>\n<p>[\/et_pb_text][et_pb_text global_parent=&#8221;71&#8243; _builder_version=&#8221;3.0.101&#8243; background_layout=&#8221;light&#8221;]<\/p>\n<p><strong>Maser\u00e0 di Padova<\/strong><br \/>\nVia Conselvana, 172, 35020 Maser\u00e0 di Padova PD<br \/>\nTel. +39 049 8862282<br \/>\nemail <a href=\"mailto:masera@studiocrivellari.it\">masera@studiocrivellari.it<\/a><\/p>\n<p>[\/et_pb_text][\/et_pb_column][et_pb_column type=&#8221;1_2&#8243;][et_pb_text global_parent=&#8221;71&#8243; _builder_version=&#8221;3.0.101&#8243; background_layout=&#8221;light&#8221;] <div role=\"form\" class=\"wpcf7\" id=\"wpcf7-f41-o1\" lang=\"it-IT\" dir=\"ltr\">\n<div class=\"screen-reader-response\"><p role=\"status\" aria-live=\"polite\" aria-atomic=\"true\"><\/p> <ul><\/ul><\/div>\n<form action=\"\/it\/wp-json\/wp\/v2\/pages\/132#wpcf7-f41-o1\" method=\"post\" class=\"wpcf7-form init\" novalidate=\"novalidate\" data-status=\"init\">\n<div style=\"display: none;\">\n<input type=\"hidden\" name=\"_wpcf7\" value=\"41\" \/>\n<input type=\"hidden\" name=\"_wpcf7_version\" value=\"5.6.3\" \/>\n<input type=\"hidden\" name=\"_wpcf7_locale\" value=\"it_IT\" \/>\n<input type=\"hidden\" name=\"_wpcf7_unit_tag\" value=\"wpcf7-f41-o1\" \/>\n<input type=\"hidden\" name=\"_wpcf7_container_post\" value=\"0\" \/>\n<input type=\"hidden\" name=\"_wpcf7_posted_data_hash\" value=\"\" \/>\n<\/div>\n<p><span class=\"wpcf7-form-control-wrap\" data-name=\"your-name\"><input type=\"text\" name=\"your-name\" value=\"\" size=\"40\" class=\"wpcf7-form-control wpcf7-text wpcf7-validates-as-required\" aria-required=\"true\" aria-invalid=\"false\" placeholder=\"Nome\" \/><\/span><\/p>\n<p><span class=\"wpcf7-form-control-wrap\" data-name=\"your-email\"><input type=\"email\" name=\"your-email\" value=\"\" size=\"40\" class=\"wpcf7-form-control wpcf7-text wpcf7-email wpcf7-validates-as-required wpcf7-validates-as-email\" aria-required=\"true\" aria-invalid=\"false\" placeholder=\"Email\" \/><\/span><\/p>\n<p><span class=\"wpcf7-form-control-wrap\" data-name=\"your-tel\"><input type=\"text\" name=\"your-tel\" value=\"\" size=\"40\" class=\"wpcf7-form-control wpcf7-text wpcf7-validates-as-required\" aria-required=\"true\" aria-invalid=\"false\" placeholder=\"Telefono\" \/><\/span><\/p>\n<p><span class=\"wpcf7-form-control-wrap\" data-name=\"your-subject\"><input type=\"text\" name=\"your-subject\" value=\"\" size=\"40\" class=\"wpcf7-form-control wpcf7-text wpcf7-validates-as-required\" aria-required=\"true\" aria-invalid=\"false\" placeholder=\"Oggetto\" \/><\/span><\/p>\n<p><span class=\"wpcf7-form-control-wrap\" data-name=\"your-message\"><textarea name=\"your-message\" cols=\"40\" rows=\"10\" class=\"wpcf7-form-control wpcf7-textarea wpcf7-validates-as-required\" aria-required=\"true\" aria-invalid=\"false\" placeholder=\"Richiesta\"><\/textarea><\/span><\/p>\n<p><span class=\"wpcf7-form-control-wrap\" data-name=\"acceptance\"><span class=\"wpcf7-form-control wpcf7-acceptance\"><span class=\"wpcf7-list-item\"><input type=\"checkbox\" name=\"acceptance\" value=\"1\" aria-invalid=\"false\" \/><\/span><\/span><\/span> Dichiaro di aver letto la <a href=\"\/privacy-policy\" target=\"_blank\">Privacy Policy<\/a>, pertanto presto il mio consenso per ricevere le informazioni richieste.<\/p>\n<p><input type=\"submit\" value=\"Invia\" class=\"wpcf7-form-control has-spinner wpcf7-submit\" \/><\/p>\n<div class=\"wpcf7-response-output\" aria-hidden=\"true\"><\/div><\/form><\/div> [\/et_pb_text][\/et_pb_column][\/et_pb_row][\/et_pb_section]<\/p>","protected":false},"excerpt":{"rendered":"<p>[et_pb_section bb_built=&#8221;1&#8243; next_background_color=&#8221;#000000&#8243; _builder_version=&#8221;3.0.101&#8243;][et_pb_row][et_pb_column type=&#8221;4_4&#8243;][et_pb_text _builder_version=&#8221;3.0.101&#8243; background_layout=&#8221;light&#8221;] Tombolo [\/et_pb_text][\/et_pb_column][\/et_pb_row][\/et_pb_section][et_pb_section bb_built=&#8221;1&#8243; fullwidth=&#8221;off&#8221; specialty=&#8221;off&#8221; prev_background_color=&#8221;#000000&#8243; next_background_color=&#8221;#000000&#8243; _builder_version=&#8221;3.0.101&#8243; module_class=&#8221;padding_top_0&#8243;][et_pb_row][et_pb_column type=&#8221;1_2&#8243;][et_pb_code _builder_version=&#8221;3.0.101&#8243;]&lt;iframe src=&#8221;https:\/\/www.google.com\/maps\/embed?pb=!1m18!1m12!1m3!1d2789.187586357308!2d11.82592137594765!3d45.647054521220205!2m3!1f0!2f0!3f0!3m2!1i1024!2i768!4f13.1!3m3!1m2!1s0x4778d58dff619ee9%3A0xb0ed263685fbb7a!2sStudio%20Notarile%20Crivellari%20-%20Tombolo!5e0!3m2!1sit!2sit!4v1707737190116!5m2!1sit!2sit&#8221; width=&#8221;600&#8243; height=&#8221;600&#8243; style=&#8221;border:0;&#8221; allowfullscreen=&#8221;&#8221; loading=&#8221;lazy&#8221; referrerpolicy=&#8221;no-referrer-when-downgrade&#8221;&gt;&lt;\/iframe&gt;[\/et_pb_code][\/et_pb_column][et_pb_column type=&#8221;1_2&#8243;][et_pb_text _builder_version=&#8221;3.0.101&#8243; background_layout=&#8221;light&#8221;] Via Municipio, 1\/A &#8211; Tombolo (PD) Tel +39 049 5969475 email tombolo@studiocrivellari.it [\/et_pb_text][et_pb_text _builder_version=&#8221;3.0.101&#8243; background_layout=&#8221;light&#8221;] Orario di apertura al pubblico: lun-gio: 9.00 &#8211; 13.00 e 14.30 &#8211; [&hellip;]<\/p>\n","protected":false},"author":1,"featured_media":0,"parent":0,"menu_order":0,"comment_status":"closed","ping_status":"closed","template":"","meta":[],"_links":{"self":[{"href":"https:\/\/www.studiocrivellari.it\/it\/wp-json\/wp\/v2\/pages\/132"}],"collection":[{"href":"https:\/\/www.studiocrivellari.it\/it\/wp-json\/wp\/v2\/pages"}],"about":[{"href":"https:\/\/www.studiocrivellari.it\/it\/wp-json\/wp\/v2\/types\/page"}],"author":[{"embeddable":true,"href":"https:\/\/www.studiocrivellari.it\/it\/wp-json\/wp\/v2\/users\/1"}],"replies":[{"embeddable":true,"href":"https:\/\/www.studiocrivellari.it\/it\/wp-json\/wp\/v2\/comments?post=132"}],"version-history":[{"count":29,"href":"https:\/\/www.studiocrivellari.it\/it\/wp-json\/wp\/v2\/pages\/132\/revisions"}],"predecessor-version":[{"id":1344,"href":"https:\/\/www.studiocrivellari.it\/it\/wp-json\/wp\/v2\/pages\/132\/revisions\/1344"}],"wp:attachment":[{"href":"https:\/\/www.studiocrivellari.it\/it\/wp-json\/wp\/v2\/media?parent=132"}],"curies":[{"name":"wp","href":"https:\/\/api.w.org\/{rel}","templated":true}]}}