{"id":458,"date":"2018-06-13T17:47:30","date_gmt":"2018-06-13T15:47:30","guid":{"rendered":"http:\/\/www.studiocrivellari.it\/?page_id=458"},"modified":"2019-11-05T10:36:02","modified_gmt":"2019-11-05T09:36:02","slug":"compravendita","status":"publish","type":"page","link":"https:\/\/www.studiocrivellari.it\/it\/servizi\/immobiliare\/compravendita\/","title":{"rendered":"Compravendita"},"content":{"rendered":"<p>[et_pb_section bb_built=&#8221;1&#8243; next_background_color=&#8221;#000000&#8243; _builder_version=&#8221;3.0.101&#8243; module_class=&#8221;servizi2&#8243;][et_pb_row][et_pb_column type=&#8221;4_4&#8243;][et_pb_text _builder_version=&#8221;3.0.101&#8243; background_layout=&#8221;light&#8221;]<\/p>\n<h2>Compravendita<\/h2>\n<p>[\/et_pb_text][\/et_pb_column][\/et_pb_row][et_pb_row][et_pb_column type=&#8221;4_4&#8243;][et_pb_text _builder_version=&#8221;3.0.101&#8243; background_layout=&#8221;light&#8221;]<\/p>\n<p align=\"JUSTIFY\">Numerose sono le attivit\u00e0 svolte dal notaio per la <b>preparazione di tutta la documentazione necessaria per istruire la pratica<\/b>. Il notaio innanzitutto <b>indaga la volont\u00e0 delle parti<\/b> per individuare il tipo di atto pi\u00f9 idoneo a realizzare lo scopo voluto dal cliente, nel rispetto della legge. Perci\u00f2 il notaio deve chiedere alle parti tutte quelle informazioni che gli permettano di comprendere, in modo completo, il risultato che vogliono raggiungere. Le parti hanno il diritto di rivolgersi al notaio personalmente e di chiedergli tutti i chiarimenti e le spiegazioni utili a capire le conseguenze e gli effetti giuridici dell\u2019atto. Spesso perci\u00f2 accade che, a colloquio con il notaio, si finisca anche col cambiare quella che era stata l\u2019idea iniziale.<\/p>\n<p align=\"JUSTIFY\">Una volta definito l\u2019atto da predisporre, il notaio deve svolgere per legge una serie di controlli di legalit\u00e0 preventivi, volti a garantire un contratto valido e inattaccabile nel tempo. Grazie a questi controlli il contenzioso nel settore immobiliare \u00e8 pressoch\u00e9 inesistente: solo lo 0,003% delle transazioni immobiliari arriva davanti a un giudice!<\/p>\n<p align=\"JUSTIFY\">Le principali attivit\u00e0 di controllo di legalit\u00e0 che il notaio deve effettuare si possono cos\u00ec riassumere:<\/p>\n<p align=\"JUSTIFY\"><strong>1)<\/strong> <b>Accerta l\u2019identit\u00e0 personale delle parti<\/b>, che intervengono nell\u2019atto e la loro capacit\u00e0 di compierlo attraverso la verifica del regime patrimoniale tra i coniugi (comunione legale dei beni o separazione), della legittimazione ad intervenire, in caso di stranieri, minori, interdetti, inabilitati o beneficiari di amministrazione di sostegno, ecc.<br \/>\nIl controllo del notaio sulla identit\u00e0 delle parti serve a scongiurare il rischio di furti di identit\u00e0, molto diffusi negli ordinamenti giuridici di common law, ove \u00e8 possibile l\u2019accesso per modificare le risultanze dei registri immobiliari (ove esistenti) senza alcun controllo preventivo di legalit\u00e0. Il fenomeno \u00e8 cos\u00ec grave negli Stati uniti che L\u2019FBI\u00a0ha chiesto la collaborazione del Notariato italiano per prevenire frodi di questo tipo, mostrando l\u2019interesse del mondo anglosassone per il sistema di civil law e le sue garanzie.<\/p>\n<p align=\"JUSTIFY\"><strong>2)<\/strong> Verifica per legge l\u2019inesistenza di precedenti ipoteche, o vincoli o pignoramenti presso l\u2019Ufficio del Territorio dell\u2019Agenzia delle Entrate e la regolarit\u00e0 urbanistica e catastale degli immobili. Il notaio deve verificare, inoltre, che l\u2019immobile oggetto della vendita non sia sottoposto a discipline peculiari ad es. in tema di edilizia residenziale pubblica (esistenza di requisiti soggettivi in capo all\u2019acquirente, o vincoli di prezzo), o a diritto di prelazione a favore di determinati soggetti o se si tratta di beni di interesse storico, artistico, archeologico.<\/p>\n<p align=\"JUSTIFY\"><strong>3)<\/strong><b> Individua il regime fiscale<\/b> relativo al caso concreto e verifica la sussistenza di requisiti per eventuali benefici fiscali (ad esempio l\u2019agevolazione per l\u2019acquisto della prima casa, o il credito di imposta o l\u2019esenzione da imposte in caso di trasferimenti in esecuzione di accordi di separazione o di divorzio). \u00a0Il notaio grazie ad una preparazione specifica in materia fiscale \u00e8 in grado di <b>suggerire soluzioni<\/b> che consentano <b>un risparmio fiscale nel rispetto della legge<\/b>.<br \/>\nIn sede di registrazione dell\u2019atto il notaio deve versare all\u2019Agenzia delle Entrate le imposte dovute dall\u2019acquirente per questo le riscuote direttamente dall\u2019acquirente e le versa allo Stato. Ogni anno il Notariato <b>riscuote per conto dello Stato le imposte collegate a tutti gli atti<\/b> versando ogni anno diversi <b>miliardi di Euro<\/b> di imposte indirette e plusvalenze senza alcun aggio a carico dello Stato, anche se non riscossi dal cliente.<\/p>\n<p align=\"JUSTIFY\"><strong>4)<\/strong> Controlla che <b>la prestazione energetica degli immobili<\/b> sia certificata in base alle norme nazionali e regionali in materia. Per la vendita di edifici dotati di impianti \u00e8 obbligatoria la dotazione e spesso anche l\u2019allegazione dell\u2019<b>attestato di prestazione energetica (APE)<\/b>, predisposto da un certificatore iscritto in un apposito albo e che indica in sostanza la classe energetica di consumo dell\u2019immobile quanto al riscaldamento.<\/p>\n<p align=\"JUSTIFY\"><strong>5)<\/strong> Il notaio deve verificare l\u2019osservanza delle norme in materia di antiriciclaggio, tracciabilit\u00e0 dei pagamenti e sulle provvigioni corrisposte a titolo di intermediazione a eventuali agenzie immobiliari.<br \/>\nAnche dopo la firma dell\u2019atto il notaio \u00e8 tenuto per legge ad effettuare una serie di adempimenti, in tempi brevi, diretti a garantire da un lato allo Stato il pagamento delle imposte, dall\u2019altro la pubblicit\u00e0 ai terzi e la sicurezza dell\u2019operazione a vantaggio di tutti i cittadini.<\/p>\n<p align=\"JUSTIFY\">Il notaio \u00e8 tenuto ad effettuare, entro breve termine:<br \/>\na) la registrazione dell\u2019atto presso l\u2019Agenzia delle Entrate e il pagamento delle relative imposte per conto del cliente;<br \/>\nb) <b>il deposito<\/b> dell\u2019atto \u2013 a garanzia di tutta la collettivit\u00e0 \u2013 <b>nei Registri Pubblici per renderlo noto ed efficace nei confronti di tutti<\/b> (tecnicamente definiti terzi). Il deposito dell\u2019atto nella conservatoria dei registri immobiliari competente \u00e8 previsto dalla legge per permettere a tutti di sapere chi \u00e8 il proprietario dell\u2019immobile e se quest\u2019ultimo \u00e8 gravato da ipoteche o altri vincoli.<br \/>\nc) la voltura catastale, in modo da aggiornare anche il Catasto.<\/p>\n<p>[\/et_pb_text][\/et_pb_column][\/et_pb_row][\/et_pb_section][et_pb_section bb_built=&#8221;1&#8243; fullwidth=&#8221;off&#8221; specialty=&#8221;off&#8221; prev_background_color=&#8221;#000000&#8243; _builder_version=&#8221;3.0.101&#8243; module_id=&#8221;il_footer&#8221; disabled=&#8221;off&#8221; global_module=&#8221;71&#8243;][et_pb_row global_parent=&#8221;71&#8243; background_position=&#8221;top_left&#8221; background_repeat=&#8221;repeat&#8221; background_size=&#8221;initial&#8221;][et_pb_column type=&#8221;1_2&#8243;][et_pb_text global_parent=&#8221;71&#8243; _builder_version=&#8221;3.0.101&#8243; background_layout=&#8221;light&#8221;]<\/p>\n<p><strong>Padova<\/strong><br \/>Piazzetta G. Bettiol, 15<br \/>Tel. +39 049 650233<br \/>email <a href=\"mailto:info@studiocrivellari.it\">info@studiocrivellari.it<\/a><\/p>\n<p>[\/et_pb_text][et_pb_text global_parent=&#8221;71&#8243; _builder_version=&#8221;3.0.101&#8243; background_layout=&#8221;light&#8221;]<\/p>\n<p><strong>Stanghella<\/strong><br \/>Via Nazionale, 154<br \/>Tel. +39 0425 95389<br \/>email <a href=\"mailto:stanghella@studiocrivellari.it\">stanghella@studiocrivellari.it<\/a><\/p>\n<p>[\/et_pb_text][et_pb_text global_parent=&#8221;71&#8243; _builder_version=&#8221;3.0.101&#8243; background_layout=&#8221;light&#8221;]<\/p>\n<p><strong>Tombolo<\/strong><br \/>Via Municipio, 1\/A<br \/>Tel. +39 049 5969475<br \/>email <a href=\"mailto:tombolo@studiocrivellari.it\">tombolo@studiocrivellari.it<\/a><\/p>\n<p>[\/et_pb_text][et_pb_text global_parent=&#8221;71&#8243; _builder_version=&#8221;3.0.101&#8243; background_layout=&#8221;light&#8221;]<\/p>\n<p><strong>Maser\u00e0 di Padova<\/strong><br \/>Via Conselvana, 172<br \/>Tel. +39 049 8862282<br \/>email <a href=\"mailto:masera@studiocrivellari.it\">masera@studiocrivellari.it<\/a><\/p>\n<p>[\/et_pb_text][\/et_pb_column][et_pb_column type=&#8221;1_2&#8243;][et_pb_text global_parent=&#8221;71&#8243; _builder_version=&#8221;3.0.101&#8243; background_layout=&#8221;light&#8221;]<\/p>\n<div role=\"form\" class=\"wpcf7\" id=\"wpcf7-f41-o1\" lang=\"it-IT\" dir=\"ltr\">\n<div class=\"screen-reader-response\"><p role=\"status\" aria-live=\"polite\" aria-atomic=\"true\"><\/p> <ul><\/ul><\/div>\n<form action=\"\/it\/wp-json\/wp\/v2\/pages\/458#wpcf7-f41-o1\" method=\"post\" class=\"wpcf7-form init\" novalidate=\"novalidate\" data-status=\"init\">\n<div style=\"display: none;\">\n<input type=\"hidden\" name=\"_wpcf7\" value=\"41\" \/>\n<input type=\"hidden\" name=\"_wpcf7_version\" value=\"5.6.3\" \/>\n<input type=\"hidden\" name=\"_wpcf7_locale\" value=\"it_IT\" \/>\n<input type=\"hidden\" name=\"_wpcf7_unit_tag\" value=\"wpcf7-f41-o1\" \/>\n<input type=\"hidden\" name=\"_wpcf7_container_post\" value=\"0\" \/>\n<input type=\"hidden\" name=\"_wpcf7_posted_data_hash\" value=\"\" \/>\n<\/div>\n<p><span class=\"wpcf7-form-control-wrap\" data-name=\"your-name\"><input type=\"text\" name=\"your-name\" value=\"\" size=\"40\" class=\"wpcf7-form-control wpcf7-text wpcf7-validates-as-required\" aria-required=\"true\" aria-invalid=\"false\" placeholder=\"Nome\" \/><\/span><\/p>\n<p><span class=\"wpcf7-form-control-wrap\" data-name=\"your-email\"><input type=\"email\" name=\"your-email\" value=\"\" size=\"40\" class=\"wpcf7-form-control wpcf7-text wpcf7-email wpcf7-validates-as-required wpcf7-validates-as-email\" aria-required=\"true\" aria-invalid=\"false\" placeholder=\"Email\" \/><\/span><\/p>\n<p><span class=\"wpcf7-form-control-wrap\" data-name=\"your-tel\"><input type=\"text\" name=\"your-tel\" value=\"\" size=\"40\" class=\"wpcf7-form-control wpcf7-text wpcf7-validates-as-required\" aria-required=\"true\" aria-invalid=\"false\" placeholder=\"Telefono\" \/><\/span><\/p>\n<p><span class=\"wpcf7-form-control-wrap\" data-name=\"your-subject\"><input type=\"text\" name=\"your-subject\" value=\"\" size=\"40\" class=\"wpcf7-form-control wpcf7-text wpcf7-validates-as-required\" aria-required=\"true\" aria-invalid=\"false\" placeholder=\"Oggetto\" \/><\/span><\/p>\n<p><span class=\"wpcf7-form-control-wrap\" data-name=\"your-message\"><textarea name=\"your-message\" cols=\"40\" rows=\"10\" class=\"wpcf7-form-control wpcf7-textarea wpcf7-validates-as-required\" aria-required=\"true\" aria-invalid=\"false\" placeholder=\"Richiesta\"><\/textarea><\/span><\/p>\n<p><span class=\"wpcf7-form-control-wrap\" data-name=\"acceptance\"><span class=\"wpcf7-form-control wpcf7-acceptance\"><span class=\"wpcf7-list-item\"><input type=\"checkbox\" name=\"acceptance\" value=\"1\" aria-invalid=\"false\" \/><\/span><\/span><\/span> Dichiaro di aver letto la <a href=\"\/privacy-policy\" target=\"_blank\">Privacy Policy<\/a>, pertanto presto il mio consenso per ricevere le informazioni richieste.<\/p>\n<p><input type=\"submit\" value=\"Invia\" class=\"wpcf7-form-control has-spinner wpcf7-submit\" \/><\/p>\n<div class=\"wpcf7-response-output\" aria-hidden=\"true\"><\/div><\/form><\/div>\n<p>[\/et_pb_text][\/et_pb_column][\/et_pb_row][\/et_pb_section]<\/p>","protected":false},"excerpt":{"rendered":"<p>[et_pb_section bb_built=&#8221;1&#8243; next_background_color=&#8221;#000000&#8243; _builder_version=&#8221;3.0.101&#8243; module_class=&#8221;servizi2&#8243;][et_pb_row][et_pb_column type=&#8221;4_4&#8243;][et_pb_text _builder_version=&#8221;3.0.101&#8243; background_layout=&#8221;light&#8221;] Compravendita [\/et_pb_text][\/et_pb_column][\/et_pb_row][et_pb_row][et_pb_column type=&#8221;4_4&#8243;][et_pb_text _builder_version=&#8221;3.0.101&#8243; background_layout=&#8221;light&#8221;] Numerose sono le attivit\u00e0 svolte dal notaio per la preparazione di tutta la documentazione necessaria per istruire la pratica. Il notaio innanzitutto indaga la volont\u00e0 delle parti per individuare il tipo di atto pi\u00f9 idoneo a realizzare lo scopo voluto dal cliente, [&hellip;]<\/p>\n","protected":false},"author":1,"featured_media":0,"parent":115,"menu_order":0,"comment_status":"closed","ping_status":"closed","template":"","meta":[],"_links":{"self":[{"href":"https:\/\/www.studiocrivellari.it\/it\/wp-json\/wp\/v2\/pages\/458"}],"collection":[{"href":"https:\/\/www.studiocrivellari.it\/it\/wp-json\/wp\/v2\/pages"}],"about":[{"href":"https:\/\/www.studiocrivellari.it\/it\/wp-json\/wp\/v2\/types\/page"}],"author":[{"embeddable":true,"href":"https:\/\/www.studiocrivellari.it\/it\/wp-json\/wp\/v2\/users\/1"}],"replies":[{"embeddable":true,"href":"https:\/\/www.studiocrivellari.it\/it\/wp-json\/wp\/v2\/comments?post=458"}],"version-history":[{"count":16,"href":"https:\/\/www.studiocrivellari.it\/it\/wp-json\/wp\/v2\/pages\/458\/revisions"}],"predecessor-version":[{"id":1069,"href":"https:\/\/www.studiocrivellari.it\/it\/wp-json\/wp\/v2\/pages\/458\/revisions\/1069"}],"up":[{"embeddable":true,"href":"https:\/\/www.studiocrivellari.it\/it\/wp-json\/wp\/v2\/pages\/115"}],"wp:attachment":[{"href":"https:\/\/www.studiocrivellari.it\/it\/wp-json\/wp\/v2\/media?parent=458"}],"curies":[{"name":"wp","href":"https:\/\/api.w.org\/{rel}","templated":true}]}}