{"id":465,"date":"2018-06-13T17:49:04","date_gmt":"2018-06-13T15:49:04","guid":{"rendered":"http:\/\/www.studiocrivellari.it\/?page_id=465"},"modified":"2018-12-17T14:12:02","modified_gmt":"2018-12-17T13:12:02","slug":"successione-ereditaria","status":"publish","type":"page","link":"https:\/\/www.studiocrivellari.it\/it\/servizi\/famiglia\/successione-ereditaria\/","title":{"rendered":"Successione Ereditaria"},"content":{"rendered":"<p>[et_pb_section bb_built=&#8221;1&#8243; next_background_color=&#8221;#000000&#8243; _builder_version=&#8221;3.0.101&#8243;][et_pb_row][et_pb_column type=&#8221;4_4&#8243;][et_pb_text _builder_version=&#8221;3.0.101&#8243; background_layout=&#8221;light&#8221;]<\/p>\n<h2>Successioni<\/h2>\n<p>[\/et_pb_text][\/et_pb_column][\/et_pb_row][et_pb_row][et_pb_column type=&#8221;4_4&#8243;][et_pb_text _builder_version=&#8221;3.0.101&#8243; background_layout=&#8221;light&#8221;]<\/p>\n<p align=\"JUSTIFY\">Esistono due tipi di successione: testamentaria, quando \u00e8 regolata da un testamento o legittima quando \u00e8 disciplinata esclusivamente dalla legge. In ogni caso il nostro ordinamento stabilisce che una quota di eredit\u00e0, la legittima, spetta di diritto ai parenti pi\u00f9 stretti. Grazie alla sua preparazione specifica in materia, l\u2019intervento del notaio \u00e8 di estrema importanza per compiere le scelte pi\u00f9 adeguate alle proprie esigenze e tutti i passaggi per una successione sicura.<\/p>\n<p align=\"JUSTIFY\"><b>Cos&#8217;\u00e8<\/b><\/p>\n<p align=\"JUSTIFY\">Con la successione a causa di morte un soggetto subentra ad un altro soggetto in una o pi\u00f9 situazioni giuridiche che non si estinguono con la morte. Dal punto di vista dei beni che ne sono oggetto, la successione pu\u00f2 essere di due tipi:<\/p>\n<ul>\n<li>\n<p align=\"JUSTIFY\"><b>successione testamentaria<\/b> : quando \u00e8 regolata da un testamento<\/p>\n<\/li>\n<li>\n<p align=\"JUSTIFY\"><b>successione legittima<\/b> : in mancanza di un testamento, la successione \u00e8 regolata dalla legge.<\/p>\n<\/li>\n<\/ul>\n<p align=\"JUSTIFY\">Nel caso esista un testamento, ma non disciplini l\u2019intera successione, la stessa sar\u00e0 in parte testamentaria e in parte legittima.<\/p>\n<p align=\"JUSTIFY\">A taluni soggetti, quali il coniuge, i discendenti e gli ascendenti in mancanza di discendenti, spetta in ogni caso il diritto ad una quota di eredit\u00e0. Questo diritto alla quota di legittima configura un limite all\u2019autonomia testamentaria e s&#8217;inquadra nell&#8217;ambito della cosiddetta successione necessaria.<\/p>\n<p align=\"JUSTIFY\"><b>Le imposte di successione\u00a0<\/b><\/p>\n<p align=\"JUSTIFY\">La successione per causa di morte impone una serie di adempimenti anche dal punto di vista fiscale.\u00a0In particolare, entro un anno dall\u2019apertura della successione, i chiamati a succedere devono presentare al competente Ufficio dell\u2019Agenzia delle Entrate <b>la dichiarazione di successione<\/b> . Tale dichiarazione contiene le generalit\u00e0 dei successori e la descrizione dei beni oggetto della successione, ed \u00e8 funzionale al pagamento dell\u2019imposta sulle successioni.\u00a0Si tratta di un adempimento fiscale di fondamentale importanza, in quanto costituisce condizione imprescindibile al fine di poter disporre dei beni ricevuti a causa di morte.<\/p>\n<p align=\"JUSTIFY\"><b>Accettazione dell&#8217;eredit\u00e0\u00a0<\/b><\/p>\n<p align=\"JUSTIFY\">Per acquisire l\u2019eredit\u00e0 occorre accettarla. L\u2019 <b>accettazione<\/b> (che non pu\u00f2 riguardare solo una parte dell\u2019eredit\u00e0) pu\u00f2 essere espressa con un ricevuto dal notaio o dal cancelliere del Tribunale del luogo ove il defunto aveva l\u2019ultimo domicilio (e, in caso di eredi minori o incapaci, occorre anche l\u2019autorizzazione del giudice) oppure tacita, cio\u00e8 desumibile da un comportamento che manifesti la volont\u00e0 di accettare (per esempio con il trasferimento della residenza nella casa ricevuta in eredit\u00e0). Se l\u2019erede accetta, subentra al defunto anche nei debiti.<\/p>\n<p align=\"JUSTIFY\">Per questo motivo la legge prevede, con le medesime formalit\u00e0 richieste per l\u2019accettazione espressa, la possibilit\u00e0 di:<\/p>\n<ul>\n<li>\n<p align=\"JUSTIFY\"><b>rinunciare all\u2019eredit\u00e0<\/b> , cio\u00e8 di rifiutarla (con la conseguenza, per\u00f2, che saranno chiamati all\u2019eredit\u00e0 i discendenti);<\/p>\n<\/li>\n<li>\n<p align=\"JUSTIFY\"><b>di accettare con beneficio di inventario<\/b> (obbligatorio in caso di eredi minori, incapaci, o di persone giuridiche), in modo da non rispondere dei debiti del defunto con il proprio patrimonio personale, ma solo nei limiti del valore di quanto ricevuto in eredit\u00e0.<\/p>\n<\/li>\n<\/ul>\n<table border=\"0\" width=\"648\" cellspacing=\"0\" cellpadding=\"1\">\n<colgroup>\n<col width=\"646\" \/> <\/colgroup>\n<tbody>\n<tr>\n<td width=\"646\">\n<p align=\"JUSTIFY\"><a name=\"_GoBack\"><\/a> <i><b>IL RUOLO DEL NOTAIO<\/b><\/i><\/p>\n<p align=\"JUSTIFY\"><i>Grazie alla sua preparazione specifica in materia di successioni, l\u2019intervento del notaio \u00e8 di estrema importanza in tutti i casi di successione a causa di morte perch\u00e9:\u00a0<\/i><\/p>\n<ul>\n<li>\n<p align=\"JUSTIFY\"><i><b>coadiuva i successori\u00a0<\/b><\/i> <i>nella predisposizione e tempestiva presentazione della\u00a0<\/i> <i><b>dichiarazione di successione<\/b><\/i> <i>;<\/i><\/p>\n<\/li>\n<li>\n<p align=\"JUSTIFY\"><i><b>cura la conseguente voltura catastale a favore degli eredi della intestazione dei beni\u00a0<\/b><\/i> <i>del defunto presso gli uffici catastali;<\/i><\/p>\n<\/li>\n<li>\n<p align=\"JUSTIFY\"><i><b>riceve gli atti<\/b><\/i> <i>\u00a0di notoriet\u00e0 necessari allo<\/i> <i><b>\u00a0svincolo a favore degli eredi di conti correnti o titoli intestati al defunto<\/b><\/i> <i>;<\/i><\/p>\n<\/li>\n<li>\n<p align=\"JUSTIFY\"><i><b>cura l\u2019ottenimento delle autorizzazioni giudiziali<\/b><\/i> <i>\u00a0necessarie in caso di lasciti devoluti a minori o incapaci;<\/i><\/p>\n<\/li>\n<li>\n<p align=\"JUSTIFY\"><i><b>riceve<\/b><\/i> <i>\u00a0gli atti relativi<\/i> <i><b>\u00a0all\u2019acquisto o al rifiuto dell\u2019eredit\u00e0<\/b><\/i> <i>.\u00a0<\/i><\/p>\n<\/li>\n<\/ul>\n<p align=\"JUSTIFY\"><i>In tutti questi campi, la consulenza del notaio assicura di compiere le scelte pi\u00f9 adeguate alle proprie esigenze.<\/i><\/p>\n<p align=\"JUSTIFY\">\n<\/td>\n<\/tr>\n<\/tbody>\n<\/table>\n<p align=\"JUSTIFY\"><span style=\"font-size: small;\"><b>Come funziona in Europa\u00a0<\/b> <\/span><\/p>\n<p align=\"JUSTIFY\"><span style=\"font-size: small;\">Per agevolare la conoscenza delle differenti norme che regolano le successioni in Europa, il <span style=\"font-size: small;\"><b>Consiglio dei Notariati d\u2019Europa (CNUE)<\/b> <span style=\"font-size: small;\">, con il supporto della Commissione Europea, ha creato il sito <a href=\"http:\/\/www.successions-europe.eu\/\"><span style=\"color: #0000ff;\"><span style=\"font-size: small;\"><u>www.successions-europe.eu<\/u> <\/span><\/span><\/a><span style=\"font-size: small;\"> nelle 23 lingue ufficiali dei 28 paesi membri dell\u2019Unione europea. Nel sito, le informazioni necessarie per seguire e comprendere qualsiasi vicenda legata ad una successione, in qualsiasi paese europeo essa si svolga. <\/span><\/span><\/span><\/span><\/p>\n<p>[\/et_pb_text][\/et_pb_column][\/et_pb_row][\/et_pb_section][et_pb_section bb_built=&#8221;1&#8243; fullwidth=&#8221;off&#8221; specialty=&#8221;off&#8221; prev_background_color=&#8221;#000000&#8243; _builder_version=&#8221;3.0.101&#8243; module_id=&#8221;il_footer&#8221; global_module=&#8221;71&#8243;][et_pb_row global_parent=&#8221;71&#8243; background_position=&#8221;top_left&#8221; background_repeat=&#8221;repeat&#8221; background_size=&#8221;initial&#8221;][et_pb_column type=&#8221;1_2&#8243;][et_pb_text global_parent=&#8221;71&#8243; _builder_version=&#8221;3.0.101&#8243; background_layout=&#8221;light&#8221;]<\/p>\n<p><strong>Padova<\/strong><br \/>\nPiazzetta G. Bettiol, 15, Padova (PD)<br \/>\nTel. +39 049 650233<br \/>\nemail <a href=\"mailto:info@studiocrivellari.it\">info@studiocrivellari.it<\/a><\/p>\n<p>[\/et_pb_text][et_pb_text global_parent=&#8221;71&#8243; _builder_version=&#8221;3.0.101&#8243; background_layout=&#8221;light&#8221;]<\/p>\n<p><strong>Stanghella<\/strong><br \/>\nVia Nazionale, 154, Stanghella (PD)<br \/>\nTel. +39 0425 95389<br \/>\nemail <a href=\"mailto:stanghella@studiocrivellari.it\">stanghella@studiocrivellari.it<\/a><\/p>\n<p>[\/et_pb_text][et_pb_text global_parent=&#8221;71&#8243; _builder_version=&#8221;3.0.101&#8243; background_layout=&#8221;light&#8221;]<\/p>\n<p><strong>Tombolo<\/strong><br \/>\nVia Municipio, 1\/A, Tombolo (PD)<br \/>\nTel. +39 049 5969475<br \/>\nemail <a href=\"mailto:tombolo@studiocrivellari.it\">tombolo@studiocrivellari.it<\/a><\/p>\n<p>[\/et_pb_text][et_pb_text global_parent=&#8221;71&#8243; _builder_version=&#8221;3.0.101&#8243; background_layout=&#8221;light&#8221;]<\/p>\n<p><strong>Maser\u00e0 di Padova<\/strong><br \/>\nVia Conselvana, 172, Maser\u00e0 di Padova (PD)<br \/>\nTel. +39 049 8862282<br \/>\nemail <a href=\"mailto:masera@studiocrivellari.it\">masera@studiocrivellari.it<\/a><\/p>\n<p>[\/et_pb_text][\/et_pb_column][et_pb_column type=&#8221;1_2&#8243;][et_pb_text global_parent=&#8221;71&#8243; _builder_version=&#8221;3.0.101&#8243; background_layout=&#8221;light&#8221;] <div role=\"form\" class=\"wpcf7\" id=\"wpcf7-f41-o1\" lang=\"it-IT\" dir=\"ltr\">\n<div class=\"screen-reader-response\"><p role=\"status\" aria-live=\"polite\" aria-atomic=\"true\"><\/p> <ul><\/ul><\/div>\n<form action=\"\/it\/wp-json\/wp\/v2\/pages\/465#wpcf7-f41-o1\" method=\"post\" class=\"wpcf7-form init\" novalidate=\"novalidate\" data-status=\"init\">\n<div style=\"display: none;\">\n<input type=\"hidden\" name=\"_wpcf7\" value=\"41\" \/>\n<input type=\"hidden\" name=\"_wpcf7_version\" value=\"5.6.3\" \/>\n<input type=\"hidden\" name=\"_wpcf7_locale\" value=\"it_IT\" \/>\n<input type=\"hidden\" name=\"_wpcf7_unit_tag\" value=\"wpcf7-f41-o1\" \/>\n<input type=\"hidden\" name=\"_wpcf7_container_post\" value=\"0\" \/>\n<input type=\"hidden\" name=\"_wpcf7_posted_data_hash\" value=\"\" \/>\n<\/div>\n<p><span class=\"wpcf7-form-control-wrap\" data-name=\"your-name\"><input type=\"text\" name=\"your-name\" value=\"\" size=\"40\" class=\"wpcf7-form-control wpcf7-text wpcf7-validates-as-required\" aria-required=\"true\" aria-invalid=\"false\" placeholder=\"Nome\" \/><\/span><\/p>\n<p><span class=\"wpcf7-form-control-wrap\" data-name=\"your-email\"><input type=\"email\" name=\"your-email\" value=\"\" size=\"40\" class=\"wpcf7-form-control wpcf7-text wpcf7-email wpcf7-validates-as-required wpcf7-validates-as-email\" aria-required=\"true\" aria-invalid=\"false\" placeholder=\"Email\" \/><\/span><\/p>\n<p><span class=\"wpcf7-form-control-wrap\" data-name=\"your-tel\"><input type=\"text\" name=\"your-tel\" value=\"\" size=\"40\" class=\"wpcf7-form-control wpcf7-text wpcf7-validates-as-required\" aria-required=\"true\" aria-invalid=\"false\" placeholder=\"Telefono\" \/><\/span><\/p>\n<p><span class=\"wpcf7-form-control-wrap\" data-name=\"your-subject\"><input type=\"text\" name=\"your-subject\" value=\"\" size=\"40\" class=\"wpcf7-form-control wpcf7-text wpcf7-validates-as-required\" aria-required=\"true\" aria-invalid=\"false\" placeholder=\"Oggetto\" \/><\/span><\/p>\n<p><span class=\"wpcf7-form-control-wrap\" data-name=\"your-message\"><textarea name=\"your-message\" cols=\"40\" rows=\"10\" class=\"wpcf7-form-control wpcf7-textarea wpcf7-validates-as-required\" aria-required=\"true\" aria-invalid=\"false\" placeholder=\"Richiesta\"><\/textarea><\/span><\/p>\n<p><span class=\"wpcf7-form-control-wrap\" data-name=\"acceptance\"><span class=\"wpcf7-form-control wpcf7-acceptance\"><span class=\"wpcf7-list-item\"><input type=\"checkbox\" name=\"acceptance\" value=\"1\" aria-invalid=\"false\" \/><\/span><\/span><\/span> Dichiaro di aver letto la <a href=\"\/privacy-policy\" target=\"_blank\">Privacy Policy<\/a>, pertanto presto il mio consenso per ricevere le informazioni richieste.<\/p>\n<p><input type=\"submit\" value=\"Invia\" class=\"wpcf7-form-control has-spinner wpcf7-submit\" \/><\/p>\n<div class=\"wpcf7-response-output\" aria-hidden=\"true\"><\/div><\/form><\/div> [\/et_pb_text][\/et_pb_column][\/et_pb_row][\/et_pb_section]<\/p>","protected":false},"excerpt":{"rendered":"<p>[et_pb_section bb_built=&#8221;1&#8243; next_background_color=&#8221;#000000&#8243; _builder_version=&#8221;3.0.101&#8243;][et_pb_row][et_pb_column type=&#8221;4_4&#8243;][et_pb_text _builder_version=&#8221;3.0.101&#8243; background_layout=&#8221;light&#8221;] Successioni [\/et_pb_text][\/et_pb_column][\/et_pb_row][et_pb_row][et_pb_column type=&#8221;4_4&#8243;][et_pb_text _builder_version=&#8221;3.0.101&#8243; background_layout=&#8221;light&#8221;] Esistono due tipi di successione: testamentaria, quando \u00e8 regolata da un testamento o legittima quando \u00e8 disciplinata esclusivamente dalla legge. In ogni caso il nostro ordinamento stabilisce che una quota di eredit\u00e0, la legittima, spetta di diritto ai parenti pi\u00f9 stretti. Grazie alla [&hellip;]<\/p>\n","protected":false},"author":1,"featured_media":0,"parent":117,"menu_order":0,"comment_status":"closed","ping_status":"closed","template":"","meta":[],"_links":{"self":[{"href":"https:\/\/www.studiocrivellari.it\/it\/wp-json\/wp\/v2\/pages\/465"}],"collection":[{"href":"https:\/\/www.studiocrivellari.it\/it\/wp-json\/wp\/v2\/pages"}],"about":[{"href":"https:\/\/www.studiocrivellari.it\/it\/wp-json\/wp\/v2\/types\/page"}],"author":[{"embeddable":true,"href":"https:\/\/www.studiocrivellari.it\/it\/wp-json\/wp\/v2\/users\/1"}],"replies":[{"embeddable":true,"href":"https:\/\/www.studiocrivellari.it\/it\/wp-json\/wp\/v2\/comments?post=465"}],"version-history":[{"count":4,"href":"https:\/\/www.studiocrivellari.it\/it\/wp-json\/wp\/v2\/pages\/465\/revisions"}],"predecessor-version":[{"id":966,"href":"https:\/\/www.studiocrivellari.it\/it\/wp-json\/wp\/v2\/pages\/465\/revisions\/966"}],"up":[{"embeddable":true,"href":"https:\/\/www.studiocrivellari.it\/it\/wp-json\/wp\/v2\/pages\/117"}],"wp:attachment":[{"href":"https:\/\/www.studiocrivellari.it\/it\/wp-json\/wp\/v2\/media?parent=465"}],"curies":[{"name":"wp","href":"https:\/\/api.w.org\/{rel}","templated":true}]}}