{"id":53,"date":"2018-02-23T14:15:59","date_gmt":"2018-02-23T13:15:59","guid":{"rendered":"http:\/\/www.studiocrivellari.it\/?page_id=53"},"modified":"2018-12-17T13:51:01","modified_gmt":"2018-12-17T12:51:01","slug":"documenti","status":"publish","type":"page","link":"https:\/\/www.studiocrivellari.it\/it\/documenti\/","title":{"rendered":"Documenti per Stipulare"},"content":{"rendered":"<p>[et_pb_section bb_built=&#8221;1&#8243; next_background_color=&#8221;#000000&#8243; _builder_version=&#8221;3.0.101&#8243;][et_pb_row][et_pb_column type=&#8221;4_4&#8243;][et_pb_text _builder_version=&#8221;3.0.101&#8243; background_layout=&#8221;light&#8221;]<\/p>\n<h2>Documenti<\/h2>\n<p>[\/et_pb_text][\/et_pb_column][\/et_pb_row][et_pb_row][et_pb_column type=&#8221;4_4&#8243;][et_pb_text _builder_version=&#8221;3.0.101&#8243; background_layout=&#8221;light&#8221;]<\/p>\n<h3>DOCUMENTI RELATIVI ALLE PARTI<\/h3>\n<p><strong>Persone fisiche:<\/strong><\/p>\n<ul>\n<li>copia del documento di identit\u00e0;<\/li>\n<li>copia del codice fiscale;<\/li>\n<li>se interviene un procuratore: originale della procura, oppure copia autentica notarile della stessa nel caso di procura registrata;<\/li>\n<li>se interviene uno straniero extracomunitario: permesso di soggiorno (se manca il permesso di soggiorno, va verificata la condizione di reciprocit\u00e0 ai sensi di legge).<\/li>\n<\/ul>\n<p><strong>Societ\u00e0:<\/strong><\/p>\n<ul>\n<li>visura camerale;<\/li>\n<li>copia del documento di identit\u00e0 del legale rappresentante (presidente del consiglio di amministrazione, amministratore unico, amministratore delegato, ecc.);<\/li>\n<li>nel caso in cui la societ\u00e0 sia amministrata da un consiglio di amministrazione, occorre esibire il libro dei verbali del consiglio di amministrazione stesso da cui risulti la delibera che autorizza il compimento dell&#8217;atto.<\/li>\n<\/ul>\n<p><strong>Altri enti (associazioni, fondazioni, comitati, ecc.):<\/strong><\/p>\n<ul>\n<li>copia dello statuto o dell&#8217;atto costitutivo;<\/li>\n<li>copia del documento di identit\u00e0 del legale rappresentante;<\/li>\n<li>libro dei verbali dell&#8217;organo amministrativo da cui risulti la delibera che autorizza il compimento dell&#8217;atto.<\/li>\n<\/ul>\n<p>&nbsp;<\/p>\n<p>[\/et_pb_text][et_pb_text _builder_version=&#8221;3.0.101&#8243; background_layout=&#8221;light&#8221;]<\/p>\n<h3>DOCUMENTI RELATIVI AI SINGOLI ATTI<\/h3>\n<p><strong>Compravendita di fabbricato:<\/strong><\/p>\n<ul>\n<li>copia dell&#8217;eventuale contratto preliminare;<\/li>\n<li>copia dell&#8217;atto di provenienza (atto notarile o dichiarazione di successione);<\/li>\n<li>eventuale documentazione catastale in possesso (visure, planimetrie, ecc.); lo Studio in ogni caso provveder\u00e0 poi ad eseguire le ispezioni aggiornate;<\/li>\n<li>documentazione urbanistica:\u00a0estremi del permesso di costruire o di altro titolo abilitativo (licenza, concessione, ecc.), anche se in sanatoria, o della DIA\/SCIA;\u00a0se la costruzione del fabbricato risulta iniziata prima del 1 settembre 1967 e non ha subito successivi interventi, non \u00e8 necessaria alcuna documentazione urbanistica;\u00a0in caso di condono edilizio non ancora perfezionato: copia della domanda di condono, completa dei versamenti delle oblazioni e degli oneri concessori; in presenza di vincoli, occorre il rilascio del relativo nulla osta, oppure l&#8217;attestazione di presentazione della richiesta di parere;\u00a0certificato di agibilit\u00e0\/abitabilit\u00e0;<\/li>\n<li>attestato di prestazione energetica in originale;<\/li>\n<li>copia degli assegni e\/o bonifici bancari con cui \u00e8 stato effettuato il pagamento degli acconti e del saldo del prezzo;<\/li>\n<li>eventuali dati del mediatore (generalit\u00e0 e numero R.E.A. presso la Camera di Commercio del mediatore persona fisica o societ\u00e0; generalit\u00e0 e numero R.E.A. presso la Camera di Commercio del mediatore che sia legale rappresentante, preposto o delegato dalla societ\u00e0; codice fiscale o partita Iva) e degli estremi di pagamento delle spese di mediazione.<\/li>\n<\/ul>\n<p><strong>Compravendita di terreno:<\/strong><\/p>\n<ul>\n<li>copia dell\u2019eventuale contratto preliminare;<\/li>\n<li>copia dell&#8217;atto di provenienza (atto notarile o dichiarazione di successione);<\/li>\n<li>eventuale documentazione catastale in possesso (visure, estratti di mappa, ecc.); lo Studio in ogni caso provveder\u00e0 poi ad eseguire le ispezioni aggiornate;<\/li>\n<li>certificato di destinazione urbanistica in originale (di data non anteriore ad un anno);<\/li>\n<li>fotocopie degli assegni e\/o bonifici bancari con cui \u00e8 stato effettuato il pagamento degli acconti e del saldo del prezzo;<\/li>\n<li>eventuali dati del mediatore (generalit\u00e0 e numero R.E.A. presso la Camera di Commercio del mediatore persona fisica o societ\u00e0; generalit\u00e0 e numero R.E.A. presso la Camera di Commercio del mediatore che sia legale rappresentante, preposto o delegato dalla societ\u00e0; codice fiscale o partita IVA) e degli estremi di pagamento delle spese di mediazione.<\/li>\n<\/ul>\n<p><strong>Mutuo con ipoteca (non collegato ad una compravendita):<\/strong><\/p>\n<ul>\n<li>copia dell\u2019atto di provenienza dell&#8217;immobile da ipotecare (atto notarile o dichiarazione di successione);<\/li>\n<li>eventuale documentazione catastale dell&#8217;immobile da ipotecare in possesso; lo Studio in ogni caso provveder\u00e0 poi ad eseguire le ispezioni aggiornate;<\/li>\n<\/ul>\n<p><strong>Costituzione di societ\u00e0 di persone (S.n.c. o S.a.s.):<\/strong><\/p>\n<ul>\n<li>elenco dei soci, ragione sociale, sede, durata, oggetto sociale, capitale e ripartizione dello stesso tra i soci, indicazione degli amministratori;<\/li>\n<li>in caso di conferimento immobiliare, documentazione relativa al fabbricato o al terreno da conferire (come sopra indicata).<\/li>\n<\/ul>\n<p><strong>Costituzione di societ\u00e0 di capitali (S.r.l., S.p.a. e S.a.p.a.) e di societ\u00e0 cooperative:<\/strong><\/p>\n<ul>\n<li>elenco dei soci, denominazione sociale, sede, durata, oggetto sociale, capitale e ripartizione dello stesso tra i soci;<\/li>\n<li>generalit\u00e0 e codice fiscale degli amministratori e degli eventuali sindaci o revisori contabili;<\/li>\n<li>assegni circolari intestati all&#8217;amministratore della societ\u00e0 o ricevuta del versamento presso una banca del 25% del capitale sociale (o del 100% se si tratta di societ\u00e0 unipersonale);<\/li>\n<li>in caso di conferimento immobiliare, documentazione relativa al fabbricato o al terreno da conferire (come sopra indicata).<\/li>\n<\/ul>\n<p><strong>Modifica di societ\u00e0 di persone:<\/strong><\/p>\n<ul>\n<li>copia dei patti sociali vigenti;<\/li>\n<li>indicazione delle modifiche da adottare.<\/li>\n<\/ul>\n<p><strong>Verbale di assemblea di societ\u00e0 di capitali e di societ\u00e0 cooperative:<\/strong><\/p>\n<ul>\n<li>copia dello statuto vigente;<\/li>\n<li>eventuale convocazione dell&#8217;assemblea e ordine del giorno;<\/li>\n<li>indicazione delle modifiche da adottare.<\/li>\n<\/ul>\n<p><strong>Cessione di azienda o di ramo di azienda:<\/strong><\/p>\n<ul>\n<li>licenze e\/o autorizzazioni relative all&#8217;azienda ceduta;<\/li>\n<li>eventuale elenco dei beni aziendali;<\/li>\n<li>eventuale atto dichiarativo di impresa familiare;<\/li>\n<li>eventuale contratto di locazione degli immobili strumentali;<\/li>\n<li>eventuali documenti relativi ad autoveicoli compresi nell&#8217;azienda;<\/li>\n<li>in caso di immobili compresi nell&#8217;azienda, documentazione relativa agli immobili stessi;<\/li>\n<li>prezzo della cessione e modalit\u00e0 di pagamento.<\/li>\n<\/ul>\n<p><strong>Cessione di quote societarie:<\/strong><\/p>\n<ul>\n<li>copia dello statuto o dei patti sociali vigenti;<\/li>\n<li>prezzo della cessione.<\/li>\n<\/ul>\n<p><strong>Convenzione matrimoniale (ad es. fondo patrimoniale o separazione dei beni tra coniugi):<\/strong><\/p>\n<ul>\n<li>estratto per riassunto dell&#8217;atto di matrimonio, in carta semplice (rilasciato dal Comune dove \u00e8 stato contratto il matrimonio);<\/li>\n<li>in caso di fondo patrimoniale, documentazione relativa agli immobili da vincolare.<\/li>\n<\/ul>\n<p><strong>Pubblicazione di testamento olografo:<\/strong><\/p>\n<ul>\n<li>originale del testamento;<\/li>\n<li>estratto dell&#8217;atto di morte del testatore, in carta semplice (attenzione: non confondere con il certificato di morte, che \u00e8 un documento diverso);<\/li>\n<li>copia del documento di identit\u00e0 e del codice fiscale del defunto.<\/li>\n<\/ul>\n<p>&nbsp;<\/p>\n<p>[\/et_pb_text][\/et_pb_column][\/et_pb_row][\/et_pb_section][et_pb_section bb_built=&#8221;1&#8243; fullwidth=&#8221;off&#8221; specialty=&#8221;off&#8221; prev_background_color=&#8221;#000000&#8243; _builder_version=&#8221;3.0.101&#8243; module_id=&#8221;il_footer&#8221; global_module=&#8221;71&#8243;][et_pb_row global_parent=&#8221;71&#8243; background_position=&#8221;top_left&#8221; background_repeat=&#8221;repeat&#8221; background_size=&#8221;initial&#8221;][et_pb_column type=&#8221;1_2&#8243;][et_pb_text global_parent=&#8221;71&#8243; _builder_version=&#8221;3.0.101&#8243; background_layout=&#8221;light&#8221;]<\/p>\n<p><strong>Padova<\/strong><br \/>\nPiazzetta G. Bettiol, 15, Padova (PD)<br \/>\nTel. +39 049 650233<br \/>\nemail <a href=\"mailto:info@studiocrivellari.it\">info@studiocrivellari.it<\/a><\/p>\n<p>[\/et_pb_text][et_pb_text global_parent=&#8221;71&#8243; _builder_version=&#8221;3.0.101&#8243; background_layout=&#8221;light&#8221;]<\/p>\n<p><strong>Stanghella<\/strong><br \/>\nVia Nazionale, 154, Stanghella (PD)<br \/>\nTel. +39 0425 95389<br \/>\nemail <a href=\"mailto:stanghella@studiocrivellari.it\">stanghella@studiocrivellari.it<\/a><\/p>\n<p>[\/et_pb_text][et_pb_text global_parent=&#8221;71&#8243; _builder_version=&#8221;3.0.101&#8243; background_layout=&#8221;light&#8221;]<\/p>\n<p><strong>Tombolo<\/strong><br \/>\nVia Municipio, 1\/A, Tombolo (PD)<br \/>\nTel. +39 049 5969475<br \/>\nemail <a href=\"mailto:tombolo@studiocrivellari.it\">tombolo@studiocrivellari.it<\/a><\/p>\n<p>[\/et_pb_text][et_pb_text global_parent=&#8221;71&#8243; _builder_version=&#8221;3.0.101&#8243; background_layout=&#8221;light&#8221;]<\/p>\n<p><strong>Maser\u00e0 di Padova<\/strong><br \/>\nVia Conselvana, 172, Maser\u00e0 di Padova (PD)<br \/>\nTel. +39 049 8862282<br \/>\nemail <a href=\"mailto:masera@studiocrivellari.it\">masera@studiocrivellari.it<\/a><\/p>\n<p>[\/et_pb_text][\/et_pb_column][et_pb_column type=&#8221;1_2&#8243;][et_pb_text global_parent=&#8221;71&#8243; _builder_version=&#8221;3.0.101&#8243; background_layout=&#8221;light&#8221;] <div role=\"form\" class=\"wpcf7\" id=\"wpcf7-f41-o1\" lang=\"it-IT\" dir=\"ltr\">\n<div class=\"screen-reader-response\"><p role=\"status\" aria-live=\"polite\" aria-atomic=\"true\"><\/p> <ul><\/ul><\/div>\n<form action=\"\/it\/wp-json\/wp\/v2\/pages\/53#wpcf7-f41-o1\" method=\"post\" class=\"wpcf7-form init\" novalidate=\"novalidate\" data-status=\"init\">\n<div style=\"display: none;\">\n<input type=\"hidden\" name=\"_wpcf7\" value=\"41\" \/>\n<input type=\"hidden\" name=\"_wpcf7_version\" value=\"5.6.3\" \/>\n<input type=\"hidden\" name=\"_wpcf7_locale\" value=\"it_IT\" \/>\n<input type=\"hidden\" name=\"_wpcf7_unit_tag\" value=\"wpcf7-f41-o1\" \/>\n<input type=\"hidden\" name=\"_wpcf7_container_post\" value=\"0\" \/>\n<input type=\"hidden\" name=\"_wpcf7_posted_data_hash\" value=\"\" \/>\n<\/div>\n<p><span class=\"wpcf7-form-control-wrap\" data-name=\"your-name\"><input type=\"text\" name=\"your-name\" value=\"\" size=\"40\" class=\"wpcf7-form-control wpcf7-text wpcf7-validates-as-required\" aria-required=\"true\" aria-invalid=\"false\" placeholder=\"Nome\" \/><\/span><\/p>\n<p><span class=\"wpcf7-form-control-wrap\" data-name=\"your-email\"><input type=\"email\" name=\"your-email\" value=\"\" size=\"40\" class=\"wpcf7-form-control wpcf7-text wpcf7-email wpcf7-validates-as-required wpcf7-validates-as-email\" aria-required=\"true\" aria-invalid=\"false\" placeholder=\"Email\" \/><\/span><\/p>\n<p><span class=\"wpcf7-form-control-wrap\" data-name=\"your-tel\"><input type=\"text\" name=\"your-tel\" value=\"\" size=\"40\" class=\"wpcf7-form-control wpcf7-text wpcf7-validates-as-required\" aria-required=\"true\" aria-invalid=\"false\" placeholder=\"Telefono\" \/><\/span><\/p>\n<p><span class=\"wpcf7-form-control-wrap\" data-name=\"your-subject\"><input type=\"text\" name=\"your-subject\" value=\"\" size=\"40\" class=\"wpcf7-form-control wpcf7-text wpcf7-validates-as-required\" aria-required=\"true\" aria-invalid=\"false\" placeholder=\"Oggetto\" \/><\/span><\/p>\n<p><span class=\"wpcf7-form-control-wrap\" data-name=\"your-message\"><textarea name=\"your-message\" cols=\"40\" rows=\"10\" class=\"wpcf7-form-control wpcf7-textarea wpcf7-validates-as-required\" aria-required=\"true\" aria-invalid=\"false\" placeholder=\"Richiesta\"><\/textarea><\/span><\/p>\n<p><span class=\"wpcf7-form-control-wrap\" data-name=\"acceptance\"><span class=\"wpcf7-form-control wpcf7-acceptance\"><span class=\"wpcf7-list-item\"><input type=\"checkbox\" name=\"acceptance\" value=\"1\" aria-invalid=\"false\" \/><\/span><\/span><\/span> Dichiaro di aver letto la <a href=\"\/privacy-policy\" target=\"_blank\">Privacy Policy<\/a>, pertanto presto il mio consenso per ricevere le informazioni richieste.<\/p>\n<p><input type=\"submit\" value=\"Invia\" class=\"wpcf7-form-control has-spinner wpcf7-submit\" \/><\/p>\n<div class=\"wpcf7-response-output\" aria-hidden=\"true\"><\/div><\/form><\/div> [\/et_pb_text][\/et_pb_column][\/et_pb_row][\/et_pb_section]<\/p>","protected":false},"excerpt":{"rendered":"<p>[et_pb_section bb_built=&#8221;1&#8243; next_background_color=&#8221;#000000&#8243; _builder_version=&#8221;3.0.101&#8243;][et_pb_row][et_pb_column type=&#8221;4_4&#8243;][et_pb_text _builder_version=&#8221;3.0.101&#8243; background_layout=&#8221;light&#8221;] Documenti [\/et_pb_text][\/et_pb_column][\/et_pb_row][et_pb_row][et_pb_column type=&#8221;4_4&#8243;][et_pb_text _builder_version=&#8221;3.0.101&#8243; background_layout=&#8221;light&#8221;] DOCUMENTI RELATIVI ALLE PARTI Persone fisiche: copia del documento di identit\u00e0; copia del codice fiscale; se interviene un procuratore: originale della procura, oppure copia autentica notarile della stessa nel caso di procura registrata; se interviene uno straniero extracomunitario: permesso di soggiorno (se manca [&hellip;]<\/p>\n","protected":false},"author":1,"featured_media":0,"parent":0,"menu_order":0,"comment_status":"closed","ping_status":"closed","template":"","meta":[],"_links":{"self":[{"href":"https:\/\/www.studiocrivellari.it\/it\/wp-json\/wp\/v2\/pages\/53"}],"collection":[{"href":"https:\/\/www.studiocrivellari.it\/it\/wp-json\/wp\/v2\/pages"}],"about":[{"href":"https:\/\/www.studiocrivellari.it\/it\/wp-json\/wp\/v2\/types\/page"}],"author":[{"embeddable":true,"href":"https:\/\/www.studiocrivellari.it\/it\/wp-json\/wp\/v2\/users\/1"}],"replies":[{"embeddable":true,"href":"https:\/\/www.studiocrivellari.it\/it\/wp-json\/wp\/v2\/comments?post=53"}],"version-history":[{"count":8,"href":"https:\/\/www.studiocrivellari.it\/it\/wp-json\/wp\/v2\/pages\/53\/revisions"}],"predecessor-version":[{"id":837,"href":"https:\/\/www.studiocrivellari.it\/it\/wp-json\/wp\/v2\/pages\/53\/revisions\/837"}],"wp:attachment":[{"href":"https:\/\/www.studiocrivellari.it\/it\/wp-json\/wp\/v2\/media?parent=53"}],"curies":[{"name":"wp","href":"https:\/\/api.w.org\/{rel}","templated":true}]}}