{"id":562,"date":"2018-06-14T14:34:39","date_gmt":"2018-06-14T12:34:39","guid":{"rendered":"http:\/\/www.studiocrivellari.it\/?page_id=562"},"modified":"2018-12-17T14:11:35","modified_gmt":"2018-12-17T13:11:35","slug":"testamento","status":"publish","type":"page","link":"https:\/\/www.studiocrivellari.it\/it\/servizi\/famiglia\/testamento\/","title":{"rendered":"Testamento"},"content":{"rendered":"<p>[et_pb_section bb_built=&#8221;1&#8243; next_background_color=&#8221;#000000&#8243; _builder_version=&#8221;3.0.101&#8243; module_class=&#8221;servizi2&#8243;][et_pb_row][et_pb_column type=&#8221;4_4&#8243;][et_pb_text _builder_version=&#8221;3.0.101&#8243; background_layout=&#8221;light&#8221;]<\/p>\n<h2>Testamento<\/h2>\n<p>[\/et_pb_text][\/et_pb_column][\/et_pb_row][et_pb_row][et_pb_column type=&#8221;4_4&#8243;][et_pb_text _builder_version=&#8221;3.0.101&#8243; background_layout=&#8221;light&#8221;]<\/p>\n<p align=\"JUSTIFY\">Il testamento \u00e8 un atto revocabile con il quale qualsiasi persona, capace di intendere e volere, dispone delle proprie sostanze per il tempo il cui avr\u00e0 cessato di vivere. Esistono vari tipi di testamento: olografo, pubblico (per atto di notaio alla presenza di due testimoni) e segreto. Attenzione, se il testamento lede i diritti di un erede legittimario, questo potr\u00e0 agire in giudizio per impugnarlo in tutto o in parte. \u00c8 fondamentale, quindi, in questi casi rivolgersi al notaio per raggiungere i propri scopi, nel rispetto della legge e per evitare futuri contenziosi tra gli eredi.<\/p>\n<p align=\"JUSTIFY\"><b>Cos&#8217;\u00e8\u00a0<\/b><\/p>\n<p align=\"JUSTIFY\">Il testamento \u00e8 un atto revocabile con il quale qualsiasi persona, capace di intendere e volere, dispone delle proprie sostanze per il tempo il cui avr\u00e0 cessato di vivere.<\/p>\n<p align=\"JUSTIFY\">Nel nostro ordinamento giuridico, vi sono due forme ordinarie di testamento:<\/p>\n<ul>\n<li>\n<p align=\"JUSTIFY\"><b>il testamento olografo;<\/b><\/p>\n<\/li>\n<li>\n<p align=\"JUSTIFY\"><b>il testamento per atto di notaio.<\/b><\/p>\n<\/li>\n<\/ul>\n<p align=\"JUSTIFY\">Il <b>testamento olografo<\/b> \u00e8 una scrittura privata per la quale sono necessari alcuni requisiti formali:<\/p>\n<ul>\n<li>\n<p align=\"JUSTIFY\">l\u2019autografia (non pu\u00f2 essere scritto al computer, ma deve essere di proprio pugno);<\/p>\n<\/li>\n<li>\n<p align=\"JUSTIFY\">la datazione;<\/p>\n<\/li>\n<li>\n<p align=\"JUSTIFY\">la sottoscrizione.<\/p>\n<\/li>\n<\/ul>\n<p align=\"JUSTIFY\">Bench\u00e9 molto semplice e di comune utilizzo, questa forma testamentaria presenta alcuni svantaggi:<\/p>\n<ul>\n<li>\n<p align=\"JUSTIFY\">possibilit\u00e0 di distruzione ad opera di terzi;<\/p>\n<\/li>\n<li>\n<p align=\"JUSTIFY\">possibilit\u00e0 di smarrimento;<\/p>\n<\/li>\n<li>\n<p align=\"JUSTIFY\">possibilit\u00e0 di errori;<\/p>\n<\/li>\n<li>\n<p align=\"JUSTIFY\">possibilit\u00e0 di falsificazioni;<\/p>\n<\/li>\n<li>\n<p align=\"JUSTIFY\">possibilit\u00e0 di contestazioni circa l\u2019autenticit\u00e0 del documento;<\/p>\n<\/li>\n<li>\n<p align=\"JUSTIFY\">difficolt\u00e0 di interpretazione in caso di disposizioni particolarmente complesse.<\/p>\n<\/li>\n<\/ul>\n<p align=\"JUSTIFY\">Al fine di evitare tali problematiche, \u00e8 possibile fare ricorso al testamento per atto di notaio: cio\u00e8 il <b> testamento pubblico<\/b> che viene ricevuto dal notaio in presenza di due testimoni e presenta notevoli vantaggi:<\/p>\n<ul>\n<li>\n<p align=\"JUSTIFY\">rigoroso accertamento della volont\u00e0 del testatore;<\/p>\n<\/li>\n<li>\n<p align=\"JUSTIFY\">nessuna possibilit\u00e0 di smarrimento o sottrazione;<\/p>\n<\/li>\n<li>\n<p align=\"JUSTIFY\">forza probatoria tipica dell\u2019atto pubblico;<\/p>\n<\/li>\n<li>\n<p align=\"JUSTIFY\">garanzia di conformit\u00e0 all\u2019ordinamento giuridico;<\/p>\n<\/li>\n<li>\n<p align=\"JUSTIFY\">possibilit\u00e0 di utilizzo anche da parte di chi non potrebbe ricorrere al testamento olografo, quali ad esempio analfabeti, stranieri o impossibilitati a scrivere.<\/p>\n<\/li>\n<\/ul>\n<p align=\"JUSTIFY\">Oltre al testamento pubblico, esiste anche il <b>testamento segreto<\/b> (non diffuso nella prassi) che, \u00e8 il testamento scritto dal testatore o da un terzo e <b> consegnato personalmente al notaio<\/b> (che quindi non ne conosce il contenuto), il quale redige un semplice verbale di ricevimento.<\/p>\n<p align=\"JUSTIFY\"><b>Tutela degli eredi legittimari\u00a0<\/b><\/p>\n<p align=\"JUSTIFY\">La legge tutela alcune categorie di familiari ( <a href=\"http:\/\/www.notariato.it\/sites\/default\/files\/TABELLA1_SUCCESSIONE_LEGITTIMA_EREDI_LEGITTIMARI.pdf\"> <b>legittimari<\/b> <\/a> ), riservando agli stessi una quota di eredit\u00e0 (legittima) anche contro un\u2019eventuale volont\u00e0 del defunto espressa per testamento. Questi soggetti sono i discendenti (figli e nipoti), gli ascendenti (genitori, nonni, e cos\u00ec via) e il coniuge.<\/p>\n<p align=\"JUSTIFY\">A seconda della esistenza o meno di tali soggetti al momento del decesso, o di alcuni soltanto di essi, la legge prevede, con calcoli a volte molto complicati, quale sia la quota di eredit\u00e0 riservata a costoro, considerando anche i debiti del defunto ed eventuali donazioni da lui effettuate in vita, e quale sia, quindi, la quota di eredit\u00e0 (disponibile) di cui il testatore pu\u00f2 disporre liberamente a favore di chi vuole.<\/p>\n<p align=\"JUSTIFY\">C\u2019\u00e8, quindi, un limite alla libert\u00e0 di fare testamento: se il testamento lede i diritti di un legittimario, questo potr\u00e0 agire in giudizio per renderle inefficaci.<\/p>\n<table border=\"0\" width=\"648\" cellspacing=\"0\" cellpadding=\"1\">\n<colgroup>\n<col width=\"646\" \/> <\/colgroup>\n<tbody>\n<tr>\n<td width=\"646\">\n<p align=\"JUSTIFY\"><i><b>IL RUOLO DEL NOTAIO<\/b><\/i><\/p>\n<p align=\"JUSTIFY\"><i><b>\u00c8 fondamentale, quindi, in questi casi rivolgersi al notaio per evitare futuri, dolorosi contenziosi familiari e, soprattutto, problemi di commerciabilit\u00e0 per i beni oggetto del testamento<\/b><\/i> <i>. Grazie alla specifica competenza in materia successoria, il notaio potr\u00e0 suggerire, in caso di testamento \u00a0pubblico, le soluzioni migliori per raggiungere\u00a0il risultato voluto dal testatore, nel rispetto\u00a0della normativa vigente, evitando eventuali\u00a0clausole o disposizioni nulle perch\u00e9 \u00a0in contrasto con le norme di legge.\u00a0<\/i><\/p>\n<p align=\"JUSTIFY\">\n<\/td>\n<\/tr>\n<\/tbody>\n<\/table>\n<p align=\"JUSTIFY\"><span style=\"font-size: small;\"><b>Come funziona in Europa\u00a0<\/b> <\/span><\/p>\n<p align=\"JUSTIFY\"><span style=\"font-size: small;\">Per agevolare la conoscenza delle differenti norme che regolano le successioni in Europa, il <span style=\"font-size: small;\"><b>Consiglio dei Notariati d\u2019Europa (CNUE)<\/b> <span style=\"font-size: small;\">, con il supporto della Commissione Europea, ha creato il sito <a href=\"http:\/\/www.successions-europe.eu\/\"><span style=\"color: #0000ff;\"><span style=\"font-size: small;\"><u>www.successions-europe.eu<\/u> <\/span><\/span><\/a><span style=\"font-size: small;\"> nelle 23 lingue ufficiali dei 28 paesi membri dell\u2019Unione europea. Nel sito, le informazioni necessarie per seguire e comprendere qualsiasi vicenda legata ad una successione, in qualsiasi paese europeo essa si svolga. <\/span><\/span><\/span><\/span><\/p>\n<p>[\/et_pb_text][\/et_pb_column][\/et_pb_row][\/et_pb_section][et_pb_section bb_built=&#8221;1&#8243; fullwidth=&#8221;off&#8221; specialty=&#8221;off&#8221; prev_background_color=&#8221;#000000&#8243; _builder_version=&#8221;3.0.101&#8243; module_id=&#8221;il_footer&#8221; global_module=&#8221;71&#8243;][et_pb_row global_parent=&#8221;71&#8243; background_position=&#8221;top_left&#8221; background_repeat=&#8221;repeat&#8221; background_size=&#8221;initial&#8221;][et_pb_column type=&#8221;1_2&#8243;][et_pb_text global_parent=&#8221;71&#8243; _builder_version=&#8221;3.0.101&#8243; background_layout=&#8221;light&#8221;]<\/p>\n<p><strong>Padova<\/strong><br \/>\nPiazzetta G. Bettiol, 15, Padova (PD)<br \/>\nTel. +39 049 650233<br \/>\nemail <a href=\"mailto:info@studiocrivellari.it\">info@studiocrivellari.it<\/a><\/p>\n<p>[\/et_pb_text][et_pb_text global_parent=&#8221;71&#8243; _builder_version=&#8221;3.0.101&#8243; background_layout=&#8221;light&#8221;]<\/p>\n<p><strong>Stanghella<\/strong><br \/>\nVia Nazionale, 154, Stanghella (PD)<br \/>\nTel. +39 0425 95389<br \/>\nemail <a href=\"mailto:stanghella@studiocrivellari.it\">stanghella@studiocrivellari.it<\/a><\/p>\n<p>[\/et_pb_text][et_pb_text global_parent=&#8221;71&#8243; _builder_version=&#8221;3.0.101&#8243; background_layout=&#8221;light&#8221;]<\/p>\n<p><strong>Tombolo<\/strong><br \/>\nVia Municipio, 1\/A, Tombolo (PD)<br \/>\nTel. +39 049 5969475<br \/>\nemail <a href=\"mailto:tombolo@studiocrivellari.it\">tombolo@studiocrivellari.it<\/a><\/p>\n<p>[\/et_pb_text][et_pb_text global_parent=&#8221;71&#8243; _builder_version=&#8221;3.0.101&#8243; background_layout=&#8221;light&#8221;]<\/p>\n<p><strong>Maser\u00e0 di Padova<\/strong><br \/>\nVia Conselvana, 172, Maser\u00e0 di Padova (PD)<br \/>\nTel. +39 049 8862282<br \/>\nemail <a href=\"mailto:masera@studiocrivellari.it\">masera@studiocrivellari.it<\/a><\/p>\n<p>[\/et_pb_text][\/et_pb_column][et_pb_column type=&#8221;1_2&#8243;][et_pb_text global_parent=&#8221;71&#8243; _builder_version=&#8221;3.0.101&#8243; background_layout=&#8221;light&#8221;] <div role=\"form\" class=\"wpcf7\" id=\"wpcf7-f41-o1\" lang=\"it-IT\" dir=\"ltr\">\n<div class=\"screen-reader-response\"><p role=\"status\" aria-live=\"polite\" aria-atomic=\"true\"><\/p> <ul><\/ul><\/div>\n<form action=\"\/it\/wp-json\/wp\/v2\/pages\/562#wpcf7-f41-o1\" method=\"post\" class=\"wpcf7-form init\" novalidate=\"novalidate\" data-status=\"init\">\n<div style=\"display: none;\">\n<input type=\"hidden\" name=\"_wpcf7\" value=\"41\" \/>\n<input type=\"hidden\" name=\"_wpcf7_version\" value=\"5.6.3\" \/>\n<input type=\"hidden\" name=\"_wpcf7_locale\" value=\"it_IT\" \/>\n<input type=\"hidden\" name=\"_wpcf7_unit_tag\" value=\"wpcf7-f41-o1\" \/>\n<input type=\"hidden\" name=\"_wpcf7_container_post\" value=\"0\" \/>\n<input type=\"hidden\" name=\"_wpcf7_posted_data_hash\" value=\"\" \/>\n<\/div>\n<p><span class=\"wpcf7-form-control-wrap\" data-name=\"your-name\"><input type=\"text\" name=\"your-name\" value=\"\" size=\"40\" class=\"wpcf7-form-control wpcf7-text wpcf7-validates-as-required\" aria-required=\"true\" aria-invalid=\"false\" placeholder=\"Nome\" \/><\/span><\/p>\n<p><span class=\"wpcf7-form-control-wrap\" data-name=\"your-email\"><input type=\"email\" name=\"your-email\" value=\"\" size=\"40\" class=\"wpcf7-form-control wpcf7-text wpcf7-email wpcf7-validates-as-required wpcf7-validates-as-email\" aria-required=\"true\" aria-invalid=\"false\" placeholder=\"Email\" \/><\/span><\/p>\n<p><span class=\"wpcf7-form-control-wrap\" data-name=\"your-tel\"><input type=\"text\" name=\"your-tel\" value=\"\" size=\"40\" class=\"wpcf7-form-control wpcf7-text wpcf7-validates-as-required\" aria-required=\"true\" aria-invalid=\"false\" placeholder=\"Telefono\" \/><\/span><\/p>\n<p><span class=\"wpcf7-form-control-wrap\" data-name=\"your-subject\"><input type=\"text\" name=\"your-subject\" value=\"\" size=\"40\" class=\"wpcf7-form-control wpcf7-text wpcf7-validates-as-required\" aria-required=\"true\" aria-invalid=\"false\" placeholder=\"Oggetto\" \/><\/span><\/p>\n<p><span class=\"wpcf7-form-control-wrap\" data-name=\"your-message\"><textarea name=\"your-message\" cols=\"40\" rows=\"10\" class=\"wpcf7-form-control wpcf7-textarea wpcf7-validates-as-required\" aria-required=\"true\" aria-invalid=\"false\" placeholder=\"Richiesta\"><\/textarea><\/span><\/p>\n<p><span class=\"wpcf7-form-control-wrap\" data-name=\"acceptance\"><span class=\"wpcf7-form-control wpcf7-acceptance\"><span class=\"wpcf7-list-item\"><input type=\"checkbox\" name=\"acceptance\" value=\"1\" aria-invalid=\"false\" \/><\/span><\/span><\/span> Dichiaro di aver letto la <a href=\"\/privacy-policy\" target=\"_blank\">Privacy Policy<\/a>, pertanto presto il mio consenso per ricevere le informazioni richieste.<\/p>\n<p><input type=\"submit\" value=\"Invia\" class=\"wpcf7-form-control has-spinner wpcf7-submit\" \/><\/p>\n<div class=\"wpcf7-response-output\" aria-hidden=\"true\"><\/div><\/form><\/div> [\/et_pb_text][\/et_pb_column][\/et_pb_row][\/et_pb_section]<\/p>","protected":false},"excerpt":{"rendered":"<p>[et_pb_section bb_built=&#8221;1&#8243; next_background_color=&#8221;#000000&#8243; _builder_version=&#8221;3.0.101&#8243; module_class=&#8221;servizi2&#8243;][et_pb_row][et_pb_column type=&#8221;4_4&#8243;][et_pb_text _builder_version=&#8221;3.0.101&#8243; background_layout=&#8221;light&#8221;] Testamento [\/et_pb_text][\/et_pb_column][\/et_pb_row][et_pb_row][et_pb_column type=&#8221;4_4&#8243;][et_pb_text _builder_version=&#8221;3.0.101&#8243; background_layout=&#8221;light&#8221;] Il testamento \u00e8 un atto revocabile con il quale qualsiasi persona, capace di intendere e volere, dispone delle proprie sostanze per il tempo il cui avr\u00e0 cessato di vivere. Esistono vari tipi di testamento: olografo, pubblico (per atto di notaio alla presenza [&hellip;]<\/p>\n","protected":false},"author":1,"featured_media":0,"parent":117,"menu_order":0,"comment_status":"closed","ping_status":"closed","template":"","meta":[],"_links":{"self":[{"href":"https:\/\/www.studiocrivellari.it\/it\/wp-json\/wp\/v2\/pages\/562"}],"collection":[{"href":"https:\/\/www.studiocrivellari.it\/it\/wp-json\/wp\/v2\/pages"}],"about":[{"href":"https:\/\/www.studiocrivellari.it\/it\/wp-json\/wp\/v2\/types\/page"}],"author":[{"embeddable":true,"href":"https:\/\/www.studiocrivellari.it\/it\/wp-json\/wp\/v2\/users\/1"}],"replies":[{"embeddable":true,"href":"https:\/\/www.studiocrivellari.it\/it\/wp-json\/wp\/v2\/comments?post=562"}],"version-history":[{"count":4,"href":"https:\/\/www.studiocrivellari.it\/it\/wp-json\/wp\/v2\/pages\/562\/revisions"}],"predecessor-version":[{"id":965,"href":"https:\/\/www.studiocrivellari.it\/it\/wp-json\/wp\/v2\/pages\/562\/revisions\/965"}],"up":[{"embeddable":true,"href":"https:\/\/www.studiocrivellari.it\/it\/wp-json\/wp\/v2\/pages\/117"}],"wp:attachment":[{"href":"https:\/\/www.studiocrivellari.it\/it\/wp-json\/wp\/v2\/media?parent=562"}],"curies":[{"name":"wp","href":"https:\/\/api.w.org\/{rel}","templated":true}]}}