{"id":689,"date":"2018-08-27T09:47:42","date_gmt":"2018-08-27T07:47:42","guid":{"rendered":"http:\/\/www.studiocrivellari.it\/?page_id=689"},"modified":"2018-08-27T10:06:01","modified_gmt":"2018-08-27T08:06:01","slug":"privacy-policy","status":"publish","type":"page","link":"https:\/\/www.studiocrivellari.it\/it\/privacy-policy\/","title":{"rendered":"Privacy Policy"},"content":{"rendered":"<p>[et_pb_section bb_built=&#8221;1&#8243; _builder_version=&#8221;3.0.47&#8243; next_background_color=&#8221;#000000&#8243;][et_pb_row _builder_version=&#8221;3.0.47&#8243; background_size=&#8221;initial&#8221; background_position=&#8221;top_left&#8221; background_repeat=&#8221;repeat&#8221;][et_pb_column type=&#8221;4_4&#8243;][et_pb_text _builder_version=&#8221;3.0.101&#8243; background_layout=&#8221;light&#8221;]<\/p>\n<h2>Privacy Policy<\/h2>\n<p>[\/et_pb_text][\/et_pb_column][\/et_pb_row][et_pb_row][et_pb_column type=&#8221;4_4&#8243;][et_pb_text _builder_version=&#8221;3.0.101&#8243; background_layout=&#8221;light&#8221;]<\/p>\n<h3>INFORMATIVA SULLA PRIVACY<\/h3>\n<p><strong>Indice<\/strong><\/p>\n<ol>\n<li>Informazioni generali sulla Privacy<\/li>\n<li>Definizione di dati personali e di trattamento degli stessi.<\/li>\n<li>Individuazione del titolare, responsabile e incaricato del trattamento<\/li>\n<li>Elenco principali attivit\u00e0 di trattamento<\/li>\n<li>I diritti dell\u2019utente secondo il REG. UE 2016\/679<\/li>\n<\/ol>\n<p>Per qualsiasi chiarimento, informazione, esercizio dei diritti elencati nella presente informativa, si prenda contatti con mail: info@studiocrivellari.it<\/p>\n<p>indirizzo per invio racc. a\/r:\u00a0Studio Notarile Crivellari, Piazzetta G. Bettiol, 15, 35137 Padova (PD).<\/p>\n<p>Tel. (+39)\u00a0049 650 233<\/p>\n<p>&nbsp;<\/p>\n<ol>\n<li><strong> INFORMAZIONI GENERALI<\/strong><\/li>\n<\/ol>\n<p>Con la presente informativa\u00a0Studio Notarile Crivellari\u00a0con sede legale in Piazzetta G. Bettiol, 15, 35137 Padova (PD), P.Iva:\u00a004622760280, quale titolare del trattamento dei dati personali \u2013 desidera informarLa sul trattamento dei dati personali attraverso la navigazione sul presente sito web.<\/p>\n<p>Per qualsiasi chiarimento, informazione, esercizio dei diritti elencati nella presente informativa, si prenda contatti con mail: info@studiocrivellari.it.<\/p>\n<p>Il D.Lgs 196\/2003 e il REG. UE 2016\/679 stabiliscono le regole per proteggere e tutelare le persone fisiche con riguardo al trattamento dei loro dati personali e la presente informativa \u00e8 redatta in conformit\u00e0 al nuovo dettato legislativo. Tutta la base giuridica del trattamento dei dati personali si fonda sul Trattato sul funzionamento dell\u2019Unione Europea e in particolare sull\u2019art. 16 del medesimo testo.<\/p>\n<p>L\u2019informativa potr\u00e0 subire delle modifiche a seguito dell\u2019introduzione di nuove norme, per cui La invitiamo a visitare periodicamente la presente sezione per l\u2019aggiornamento.<\/p>\n<p>La Privacy Policy che sta leggendo \u00e8 esclusivamente riferibile al sito web www.studiocrivellari.it e la societ\u00e0 non risponde per le modalit\u00e0 di gestione del trattamento dei dati personali effettuata da siti web terzi linkabili attraverso la sezione Cookie, oppure attraverso eventuali altri link di rinvio presenti nel sito web.<\/p>\n<p>Secondo la legge, il trattamento dei dati personali \u00e8 improntato ai principi di correttezza, liceit\u00e0, trasparenza, protezione della riservatezza dell\u2019utente nonch\u00e9 di tutela dei suoi diritti.<\/p>\n<p>Studio Notarile Crivellari si impegna ad osservare i principi suddetti e, anche a tal fine, La informa fin da subito che \u2013 fatta eccezione per quei trattamenti cui la legge prevede il Suo esplicito consenso \u2013 navigando in questo sito web, fornendo dati personali, Lei accetta e acconsente di essere vincolato alle condizioni e ai termini di cui alla presente informativa.<\/p>\n<p>Se ha meno di 16 anni, il Suo consenso \u00e8 legittimo solo se prestato o autorizzato dalla persona titolare della responsabilit\u00e0 genitoriale nei Suoi confronti.<\/p>\n<p>Ad ogni buon conto, vogliamo darLe alcune informazioni sul concetto di trattamento dei dati personali, sulle persone che li gestiscono.<\/p>\n<p>&nbsp;<\/p>\n<ol start=\"2\">\n<li><strong> DEFINIZIONE DI TRATTAMENTO DEI DATI PERSONALI<\/strong><\/li>\n<\/ol>\n<p>Per il trattamento dei dati personali di intende qualsiasi operazione o insieme di operazioni, compiute con o senza l\u2019ausilio di processi automatizzati e applicate a dati personali o insieme di dati personali, come la raccolta, la registrazione, l\u2019organizzazione, la struttura, la conservazione, l\u2019adattamento o la modifica, l\u2019estrazione, la consultazione, l\u2019uso, la comunicazione mediante trasmissione, diffusione o qualsiasi altra forma di messa a disposizione, il raffronto o l\u2019interconnessione, la limitazione, la cancellazione o la distribuzione.<\/p>\n<p>&nbsp;<\/p>\n<ol start=\"3\">\n<li><strong> INDIVIDUAZIONE DEL TITOLARE, RESPONSABILE E INCARICATO DEL TRATTAMENTO<\/strong><\/li>\n<\/ol>\n<p>Il titolare del trattamento \u00e8 la persona fisica o giuridica, l\u2019autorit\u00e0 pubblica, il servizio o altro organismo che, singolarmente o insieme ad altri, determina le finalit\u00e0 e i mezzi del trattamento di dati personali; Si occupa anche dei profili sulla sicurezza. Relativamente al presente sito web il titolare del trattamento \u00e8 Studio Notarile Crivellari.<\/p>\n<p>Per ogni chiarimento o esercizio dei diritti che Le competono potr\u00e0 contattarla al seguente indirizzo mail: info@studiocrivellari.it.<\/p>\n<p>Il responsabile del trattamento \u00e8, invece, la persona fisica o giuridica, l\u2019autorit\u00e0 pubblica, il servizio o altro organismo che tratta dati personali per conto del titolare del trattamento.<\/p>\n<p>&nbsp;<\/p>\n<ol start=\"4\">\n<li><strong> ELENCO DELLE PRINCIPALI ATTIVIT\u00c0 DI TRATTAMENTO<\/strong><\/li>\n<\/ol>\n<p>1) I dati raccolti attraverso la navigazione non verranno diffusi; (l\u2019hosting utilizzato dal titolare \u00e8 collocato in Italia presso la societ\u00e0 Ergonet srl). Tuttavia, per l\u2019effettiva esecuzione del servizio richiesto, alcuni dati potrebbero venire condivisi con soggetti esterni chiamati a svolgere specifici incarichi per conto della nostra societ\u00e0 (solo a titolo esemplificativo: consulenti legali, informatici, gestionali). In ogni caso, il titolare del trattamento s\u2019impegna a proteggere la sicurezza di tutti i Suoi dati personali, adottando le misure informatiche e fisiche necessarie per la tutela degli stessi. E\u2019 opportuno comunque evidenziare che nessun sistema di sicurezza garantisce con assoluta certezza tale protezione, pertanto, salvi i casi di responsabilit\u00e0 per colpa del titolare del trattamento, Studio Notarile Crivellari. non risponde per il fatto compiuto da terzi che abusivamente accedono ai sistemi senza le dovute autorizzazioni.<\/p>\n<p>2) Con la semplice navigazione non verranno raccolti dati identificativi. Tuttavia, ai fini del normale esercizio del sito web \u00e8 possibile che il sistema informatico acquisisca alcune informazioni la cui trasmissione \u00e8 implicita nei protocolli di comunicazione internet (es. log files). Inoltre, mediante l\u2019utilizzo dei cookie verranno raccolte informazioni che l\u2019utente non fornisce direttamente (Cookie Policy). Si tratta, in ogni caso, di informazioni che non vengono raccolte al fine di un\u2019associazione ad interessati identificati, ma che nonostante ci\u00f2, data la loro stessa natura, potrebbero comunque permettere a terzi l\u2019identificazione dell\u2019utente, attraverso elaborazioni ed associazioni con altri dati gi\u00e0 in loro possesso.<\/p>\n<p>3) Con la compilazione del form denominato \u201cNewsletter\u201d l\u2019utente fornisce propri dati personali (indirizzo mail). L\u2019inserimento di tale dato \u00e8 facoltativo, tuttavia la mancata compilazione del form non permette alla societ\u00e0 l\u2019espletamento del servizio di invio di pubblicit\u00e0 informativa. Il trattamento avviene con sistemi informatici e la durata dello stesso dipende dalla volont\u00e0 dell\u2019utente che, in qualsiasi momento, potr\u00e0 revocare il proprio consenso al ricevimento di newsletter, contattando l\u2019indirizzo mail indicato pi\u00f9 sopra. E\u2019 permesso richiedere il servizio di \u201cNewsletter\u201d solo all\u2019utente che abbia gi\u00e0 compiuto il sedicesimo anno di et\u00e0, oppure \u2013 se minore di sedici \u2013 che sia stato preventivamente autorizzato dai titolari della responsabilit\u00e0 genitoriale.<\/p>\n<p>4) Compilando il form denominato \u201cContatti\u201d l\u2019utente fornisce propri dati personali (noma, mail, telefono, ecc.).<\/p>\n<p>4.1 L\u2019inserimento di tali dati non \u00e8 obbligatorio, tuttavia la mancata compilazione del form non permette alla societ\u00e0 di rispondere alle richieste di informazioni provenienti dall\u2019utente. Il trattamento avviene con sistemi informatici e la durata dello stesso dipende dalla volont\u00e0 dell\u2019utente che, in qualsiasi momento \u2013 contattando l\u2019indirizzo mail indicato pi\u00f9 sopra -, potr\u00e0 revocare il proprio consenso al trattamento dei Suoi dati. E\u2019 permesso richiedere le informazioni solo all\u2019utente che abbia gi\u00e0 compiuto il sedicesimo anno di et\u00e0, oppure \u2013 se minore di sedici \u2013 che sia stato preventivamente autorizzato dai titolari della responsabilit\u00e0 genitoriale.<\/p>\n<p>4.2 I dati forniti dall\u2019utente mediante il form denominato \u201cContatti\u201d potranno essere trattati anche per l\u2019invio di pubblicit\u00e0. L\u2019inserimento di tali dati non \u00e8 obbligatorio ma la mancata compilazione non permette alla societ\u00e0 di inviare la pubblicit\u00e0 informativa. Il trattamento avviene con sistemi informatici e la durata dello stesso dipende dalla volont\u00e0 dell\u2019utente che, in qualsiasi momento \u2013 contattando l\u2019indirizzo mail indicato pi\u00f9 sopra -, potr\u00e0 revocare il proprio consenso al trattamento dei Suoi dati. E\u2019 permesso richiedere il servizio di pubblicit\u00e0 solo all\u2019utente che abbia gi\u00e0 compiuto il sedicesimo anno di et\u00e0, oppure \u2013 se minore di sedici \u2013 che sia stato preventivamente autorizzato dai titolari della responsabilit\u00e0 genitoriale.<\/p>\n<p>5) Compilando il form presente nella sezione \u201cLavora con noi\u201d l\u2019utente fornisce propri dati personali (nome, cognome, invio del proprio curriculum vitae, ecc.). Il rilascio di tali dati non \u00e8 obbligatorio, tuttavia la mancata compilazione del form con i dati richiesti non permette alla societ\u00e0 di valutare la proposta di lavoro proveniente dall\u2019utente. Tali dati saranno trattati con sistemi informatici e cartacei e la durata di conservazione dipende dall\u2019instaurazione o meno del rapporto di lavoro.<\/p>\n<p>5.1 In effetti, se a seguito della compilazione del form la societ\u00e0 decidesse di assumere l\u2019utente, allora il periodo di durata del trattamento corrisponder\u00e0 alla durata del rapporto di lavoro e \u2013 dalla cessazione del rapporto \u2013 per altri dieci anni, e ci\u00f2 ai fini della pi\u00f9 completa tutela a livello legale.<\/p>\n<p>5.2 Invece, nel caso di mancata assunzione, la societ\u00e0 provveder\u00e0 a cancellare immediatamente i dati dell\u2019utente, oppure \u2013 nel caso di profili interessanti ma non necessari al momento della presentazione della CV \u2013 la societ\u00e0 conserver\u00e0 i dati personali per il periodo massimo di un anno dall\u2019invio dell\u2019offerta\u00a0di lavoro.<\/p>\n<p>L\u2019invio di dati personali ai fini dell\u2019instaurazione del rapporto di lavoro \u00e8 permessa solo all\u2019utente che abbia gi\u00e0 compiuto la maggiore et\u00e0.<\/p>\n<p>6) Salva la disciplina sui cookie (alla quale si rinvia per maggiori informazioni), il presente sito web non prevede l\u2019esistenza di un processo decisionale automatizzato con fini di profilazione commerciale (tecnica di marketing mirato che ricomprende l\u2019insieme di attivit\u00e0 di raccolta ed elaborazione dei dati degli utenti allo scopo di comprendere le loro scelte e i loro comportamenti al fine di suddividere gli interessi in \u201cprofili\u201d, ovvero in gruppi omogenei per comportamenti o caratteristiche sempre pi\u00f9 specifici).<\/p>\n<p>&nbsp;<\/p>\n<ol start=\"5\">\n<li><strong> I DIRITTI DELL\u2019UTENTE SECONDO IL REG. UE 2016\/679<\/strong><\/li>\n<\/ol>\n<p>L\u2019art. 13 par. 2 del REG.UE 2016\/679 elenca i diritti dell\u2019utente. Studio Notarile Crivellari\u00a0intende pertanto informarLa sull\u2019esistenza:<\/p>\n<p>-del diritto dell\u2019interessato di chiedere al titolare l\u2019accesso ai dati personali (art. 15 REG.UE) e la rettifica (art. 16 REG.UE) o la cancellazione degli stessi (art. 17 REG.UE) o la limitazione del trattamento che lo riguardino (art. 18 REG.UE) o di opporsi al loro trattamento (art. 21 REG.UE), oltre al diritto alla portabilit\u00e0 dei dati (art. 20 REG.UE);<\/p>\n<p>Le richieste possono essere indirizzate al titolare del trattamento, senza formalit\u00e0 o, in alternativa, utilizzando il modello previsto dal Garante per la Protezione dei Dati Personali reperibile al sito:\u00a0<a href=\"http:\/\/www.garanteprivacy.it\/web\/guest\/home\/docweb\/-\/docweb-display\/docweb\/1089924\">http:\/\/www.garanteprivacy.it\/web\/guest\/home\/docweb\/-\/docweb-display\/docweb\/1089924<\/a>, inviando una mail all\u2019indirizzo: info@studiocrivellari.it.<\/p>\n<p>-qualora il trattamento sia basato sul consenso espresso all\u2019utilizzo dei dati, oppure sul consenso espresso all\u2019utilizzo di dati genetici, biometrici, relativi alla salute, che rivelino convinzioni religiose, o filosofiche o appartenenza sindacale, che rivelino l\u2019origine razziale o etnica, le opinioni politiche \u2013 l\u2019utente ha il diritto di revocare il consenso in qualsiasi momento senza pregiudicare la liceit\u00e0 del trattamento basata sul consenso prestato prima della revoca;<\/p>\n<p>-del diritto di proporre reclamo presso il Garante per la Protezione dei Dati Personali, quale autorit\u00e0 preposta al controllo sul trattamento nello Stato Italiano.<\/p>\n<p>Per una disamina pi\u00f9 approfondita dei diritti che Le competono, si vedano gli artt. 15 e seguenti del REG.UE 2016\/679.<\/p>\n<p>Per l\u2019esercizio di uno o pi\u00f9 dei diritti suddetti, potr\u00e0 contattarci al seguente indirizzo mail: info@studiocrivellari.it<\/p>\n<p>&nbsp;<\/p>\n<p>Ultimo aggiornamento Privacy Policy 22 Maggio 2018<\/p>\n<p>&nbsp;<\/p>\n<p>[\/et_pb_text][\/et_pb_column][\/et_pb_row][\/et_pb_section][et_pb_section bb_built=&#8221;1&#8243; fullwidth=&#8221;off&#8221; specialty=&#8221;off&#8221; prev_background_color=&#8221;#000000&#8243; _builder_version=&#8221;3.0.101&#8243; module_id=&#8221;il_footer&#8221; global_module=&#8221;71&#8243;][et_pb_row global_parent=&#8221;71&#8243; background_position=&#8221;top_left&#8221; background_repeat=&#8221;repeat&#8221; background_size=&#8221;initial&#8221;][et_pb_column type=&#8221;1_2&#8243;][et_pb_text global_parent=&#8221;71&#8243; _builder_version=&#8221;3.0.101&#8243; background_layout=&#8221;light&#8221;]<\/p>\n<p><strong>Padova<\/strong><br \/>\nPiazzetta G. Bettiol, 15, Padova (PD)<br \/>\nTel. +39 049 650233<br \/>\nEmail info@studiocrivellari.it<\/p>\n<p>[\/et_pb_text][et_pb_text global_parent=&#8221;71&#8243; _builder_version=&#8221;3.0.101&#8243; background_layout=&#8221;light&#8221;]<\/p>\n<p><strong>Stanghella<\/strong><br \/>\nVia Nazionale, 154, Stanghella (PD)<br \/>\nTel. +39 0425 95389<br \/>\nEmail stanghella@studiocrivellari.it<\/p>\n<p>[\/et_pb_text][et_pb_text global_parent=&#8221;71&#8243; _builder_version=&#8221;3.0.101&#8243; background_layout=&#8221;light&#8221;]<\/p>\n<p><strong>Tombolo<\/strong><br \/>\nVia Municipio, 1\/A, Tombolo (PD)<br \/>\nTel. +39 049 5969475<br \/>\nEmail tombolo@studiocrivellari.it<\/p>\n<p>[\/et_pb_text][et_pb_text global_parent=&#8221;71&#8243; _builder_version=&#8221;3.0.101&#8243; background_layout=&#8221;light&#8221;]<\/p>\n<p><strong>Maser\u00e0 di Padova<\/strong><br \/>\nVia Conselvana, 172, Maser\u00e0 di Padova (PD)<br \/>\nTel. +39 049 8862282<br \/>\nEmail masera@studiocrivellari.it<\/p>\n<p>[\/et_pb_text][\/et_pb_column][et_pb_column type=&#8221;1_2&#8243;][et_pb_text global_parent=&#8221;71&#8243; _builder_version=&#8221;3.0.101&#8243; background_layout=&#8221;light&#8221;] <div role=\"form\" class=\"wpcf7\" id=\"wpcf7-f41-o1\" lang=\"it-IT\" dir=\"ltr\">\n<div class=\"screen-reader-response\"><p role=\"status\" aria-live=\"polite\" aria-atomic=\"true\"><\/p> <ul><\/ul><\/div>\n<form action=\"\/it\/wp-json\/wp\/v2\/pages\/689#wpcf7-f41-o1\" method=\"post\" class=\"wpcf7-form init\" novalidate=\"novalidate\" data-status=\"init\">\n<div style=\"display: none;\">\n<input type=\"hidden\" name=\"_wpcf7\" value=\"41\" \/>\n<input type=\"hidden\" name=\"_wpcf7_version\" value=\"5.6.3\" \/>\n<input type=\"hidden\" name=\"_wpcf7_locale\" value=\"it_IT\" \/>\n<input type=\"hidden\" name=\"_wpcf7_unit_tag\" value=\"wpcf7-f41-o1\" \/>\n<input type=\"hidden\" name=\"_wpcf7_container_post\" value=\"0\" \/>\n<input type=\"hidden\" name=\"_wpcf7_posted_data_hash\" value=\"\" \/>\n<\/div>\n<p><span class=\"wpcf7-form-control-wrap\" data-name=\"your-name\"><input type=\"text\" name=\"your-name\" value=\"\" size=\"40\" class=\"wpcf7-form-control wpcf7-text wpcf7-validates-as-required\" aria-required=\"true\" aria-invalid=\"false\" placeholder=\"Nome\" \/><\/span><\/p>\n<p><span class=\"wpcf7-form-control-wrap\" data-name=\"your-email\"><input type=\"email\" name=\"your-email\" value=\"\" size=\"40\" class=\"wpcf7-form-control wpcf7-text wpcf7-email wpcf7-validates-as-required wpcf7-validates-as-email\" aria-required=\"true\" aria-invalid=\"false\" placeholder=\"Email\" \/><\/span><\/p>\n<p><span class=\"wpcf7-form-control-wrap\" data-name=\"your-tel\"><input type=\"text\" name=\"your-tel\" value=\"\" size=\"40\" class=\"wpcf7-form-control wpcf7-text wpcf7-validates-as-required\" aria-required=\"true\" aria-invalid=\"false\" placeholder=\"Telefono\" \/><\/span><\/p>\n<p><span class=\"wpcf7-form-control-wrap\" data-name=\"your-subject\"><input type=\"text\" name=\"your-subject\" value=\"\" size=\"40\" class=\"wpcf7-form-control wpcf7-text wpcf7-validates-as-required\" aria-required=\"true\" aria-invalid=\"false\" placeholder=\"Oggetto\" \/><\/span><\/p>\n<p><span class=\"wpcf7-form-control-wrap\" data-name=\"your-message\"><textarea name=\"your-message\" cols=\"40\" rows=\"10\" class=\"wpcf7-form-control wpcf7-textarea wpcf7-validates-as-required\" aria-required=\"true\" aria-invalid=\"false\" placeholder=\"Richiesta\"><\/textarea><\/span><\/p>\n<p><span class=\"wpcf7-form-control-wrap\" data-name=\"acceptance\"><span class=\"wpcf7-form-control wpcf7-acceptance\"><span class=\"wpcf7-list-item\"><input type=\"checkbox\" name=\"acceptance\" value=\"1\" aria-invalid=\"false\" \/><\/span><\/span><\/span> Dichiaro di aver letto la <a href=\"\/privacy-policy\" target=\"_blank\">Privacy Policy<\/a>, pertanto presto il mio consenso per ricevere le informazioni richieste.<\/p>\n<p><input type=\"submit\" value=\"Invia\" class=\"wpcf7-form-control has-spinner wpcf7-submit\" \/><\/p>\n<div class=\"wpcf7-response-output\" aria-hidden=\"true\"><\/div><\/form><\/div> [\/et_pb_text][\/et_pb_column][\/et_pb_row][\/et_pb_section]<\/p>","protected":false},"excerpt":{"rendered":"<p>[et_pb_section bb_built=&#8221;1&#8243; _builder_version=&#8221;3.0.47&#8243; next_background_color=&#8221;#000000&#8243;][et_pb_row _builder_version=&#8221;3.0.47&#8243; background_size=&#8221;initial&#8221; background_position=&#8221;top_left&#8221; background_repeat=&#8221;repeat&#8221;][et_pb_column type=&#8221;4_4&#8243;][et_pb_text _builder_version=&#8221;3.0.101&#8243; background_layout=&#8221;light&#8221;] Privacy Policy [\/et_pb_text][\/et_pb_column][\/et_pb_row][et_pb_row][et_pb_column type=&#8221;4_4&#8243;][et_pb_text _builder_version=&#8221;3.0.101&#8243; background_layout=&#8221;light&#8221;] INFORMATIVA SULLA PRIVACY Indice Informazioni generali sulla Privacy Definizione di dati personali e di trattamento degli stessi. Individuazione del titolare, responsabile e incaricato del trattamento Elenco principali attivit\u00e0 di trattamento I diritti dell\u2019utente secondo il REG. UE 2016\/679 [&hellip;]<\/p>\n","protected":false},"author":1,"featured_media":0,"parent":0,"menu_order":0,"comment_status":"closed","ping_status":"closed","template":"","meta":[],"_links":{"self":[{"href":"https:\/\/www.studiocrivellari.it\/it\/wp-json\/wp\/v2\/pages\/689"}],"collection":[{"href":"https:\/\/www.studiocrivellari.it\/it\/wp-json\/wp\/v2\/pages"}],"about":[{"href":"https:\/\/www.studiocrivellari.it\/it\/wp-json\/wp\/v2\/types\/page"}],"author":[{"embeddable":true,"href":"https:\/\/www.studiocrivellari.it\/it\/wp-json\/wp\/v2\/users\/1"}],"replies":[{"embeddable":true,"href":"https:\/\/www.studiocrivellari.it\/it\/wp-json\/wp\/v2\/comments?post=689"}],"version-history":[{"count":4,"href":"https:\/\/www.studiocrivellari.it\/it\/wp-json\/wp\/v2\/pages\/689\/revisions"}],"predecessor-version":[{"id":709,"href":"https:\/\/www.studiocrivellari.it\/it\/wp-json\/wp\/v2\/pages\/689\/revisions\/709"}],"wp:attachment":[{"href":"https:\/\/www.studiocrivellari.it\/it\/wp-json\/wp\/v2\/media?parent=689"}],"curies":[{"name":"wp","href":"https:\/\/api.w.org\/{rel}","templated":true}]}}