{"id":757,"date":"2018-08-30T16:14:28","date_gmt":"2018-08-30T14:14:28","guid":{"rendered":"http:\/\/www.studiocrivellari.it\/?page_id=757"},"modified":"2018-12-17T14:14:44","modified_gmt":"2018-12-17T13:14:44","slug":"rent-to-buy","status":"publish","type":"page","link":"https:\/\/www.studiocrivellari.it\/it\/servizi\/immobiliare\/rent-to-buy\/","title":{"rendered":"Rent to Buy"},"content":{"rendered":"<p>[et_pb_section bb_built=&#8221;1&#8243; next_background_color=&#8221;#000000&#8243; _builder_version=&#8221;3.0.101&#8243;][et_pb_row][et_pb_column type=&#8221;4_4&#8243;][et_pb_text _builder_version=&#8221;3.0.101&#8243; background_layout=&#8221;light&#8221;]<\/p>\n<h2>Rent to Buy<\/h2>\n<p>[\/et_pb_text][\/et_pb_column][\/et_pb_row][et_pb_row][et_pb_column type=&#8221;4_4&#8243;][et_pb_text _builder_version=&#8221;3.0.101&#8243; background_layout=&#8221;light&#8221;]<\/p>\n<p>Il <strong>rent to buy<\/strong> \u00e8 un nuovo tipo di contratto, introdotto nel nostro ordinamento dal c.d. Decreto Sblocca Italia (D.L. 133\/2014, convertito in Legge 164\/2014), con cui il proprietario\/concedente consegna fin da subito l\u2019immobile al conduttore\/futuro acquirente, il quale paga il canone; dopo un periodo di tempo fissato nello stesso contratto il conduttore pu\u00f2 decidere se acquistare il bene, detraendo dal prezzo una parte dei canoni gi\u00e0 pagati.<\/p>\n<p>Si articola in due fasi (di cui una solo eventuale):<\/p>\n<ul>\n<li>la prima \u00e8 quella della concessione dell\u2019utilizzo dell\u2019immobile;<\/li>\n<li>la seconda \u00e8 quella del trasferimento della propriet\u00e0 dell\u2019immobile dal concedente al conduttore ed \u00e8 solo eventuale: la norma, infatti, non prevede un obbligo reciproco delle parti a concludere l\u2019atto di vendita, n\u00e9 prevede che il trasferimento del bene si verifichi automaticamente a conclusione del periodo di utilizzo; la legge riconosce, invece, al conduttore il diritto all\u2019acquisto.<\/li>\n<\/ul>\n<p><strong>Il canone<\/strong><\/p>\n<p>Nel contratto dovranno essere specificate le due diverse componenti che costituiscono il canone da pagare: quella destinata al pagamento dell\u2019utilizzo (remunerazione del godimento) e quella da imputare al prezzo nel caso in cui il conduttore decida di esercitare il suo diritto all\u2019acquisto.<\/p>\n<p><strong>A quale tipo di immobile si pu\u00f2 applicare\u00a0<\/strong><\/p>\n<p>Il contratto di <em>rent to buy<\/em> pu\u00f2 essere stipulato per qualsiasi tipo di immobile: ad uso residenziale, commerciale, produttivo, direzionale, ed anche con riguardo a terreni.<\/p>\n<p><strong>L\u2019importanza della trascrizione\u00a0<\/strong><\/p>\n<p>La trascrizione del <em>rent to buy<\/em> produce, secondo la legge, un duplice effetto, in relazione alle due \u201cfasi\u201d nelle quali si articola:<\/p>\n<ul>\n<li>un effetto di opponibilit\u00e0 ai terzi, con riguardo alla concessione dell\u2019utilizzo;<\/li>\n<li>un effetto prenotativo simile a quello che si produce con la trascrizione di un contratto preliminare con riguardo all\u2019obbligo del concedente di trasferire la propriet\u00e0 del bene in caso di esercizio del diritto di acquisto da parte del conduttore.<\/li>\n<li>In questo modo viene garantita piena tutela al conduttore, consentendogli di acquisire l\u2019immobile nello \u201cstato di diritto\u201d in cui si trovava al momento della stipula del <em>rent to buy<\/em>, e neutralizzando al contempo eventuali trascrizioni o iscrizioni pregiudizievoli successive alla trascrizione del contratto.<\/li>\n<\/ul>\n<p>La trascrizione del <em>rent to buy<\/em> garantisce una specifica tutela al conduttore anche per il caso di inadempimento del concedente.<\/p>\n<p><strong>Il subentro nella posizione del conduttore<\/strong><\/p>\n<p>Il <em>rent to buy<\/em> pu\u00f2 essere stipulato anche con lo schema del contratto per persona da nominare, che d\u00e0 la facolt\u00e0 al conduttore di sostituire a s\u00e9 altra persona che assuma i diritti e gli obblighi discendenti dal contratto.<\/p>\n<p><strong>Se il conduttore \u00e8 inadempiente<\/strong><\/p>\n<p>In caso di inadempimento del conduttore agli obblighi dallo stesso assunti con la stipula di un <em>rent to buy<\/em> (tra i quali l\u2019obbligo di pagare il canone), il concedente potr\u00e0, a sua scelta:<\/p>\n<ul>\n<li>avviare una procedura di esecuzione forzata su beni del conduttore (art. 2910 c.c.) al fine di ottenere quanto gli \u00e8 dovuto;<\/li>\n<li>chiedere l\u2019adempimento in forma specifica (art. 2931 c.c.) nel caso in cui l\u2019inadempimento del conduttore riguardi un \u201cobbligo di fare\u201d, come ad esempio quello di curare la manutenzione ordinaria dell\u2019immobile;<\/li>\n<li>chiedere la risoluzione del contratto (art. 1453 e segg. c.c.), semprech\u00e9 l\u2019inadempimento non sia di scarsa importanza.<\/li>\n<\/ul>\n<p><strong>Se il conduttore decide di non comprare l\u2019immobile<\/strong><\/p>\n<p>Se il conduttore decide di non procedere all\u2019acquisto, il contratto, alla scadenza del termine convenuto, cesser\u00e0 di produrre ogni effetto.<\/p>\n<p>Di conseguenza il concedente avr\u00e0 diritto:<\/p>\n<ul>\n<li>alla riconsegna dell\u2019immobile;<\/li>\n<li>a trattenere i canoni sino a quel momento pagati per l\u2019intera componente riferita all\u2019utilizzo, mentre dovr\u00e0 restituire al conduttore la parte della componente da imputare a corrispettivo della vendita nella misura stabilita in contratto.<\/li>\n<\/ul>\n<p><strong>La restituzione dell\u2019immobile<\/strong><\/p>\n<p>Sia nel caso di inadempimento del conduttore, sia nel caso di mancato esercizio del diritto di acquisto, il concedente ha diritto alla restituzione immediata dell\u2019immobile.<\/p>\n<p><strong>Chi paga le imposte legate al possesso dell\u2019immobile<\/strong><\/p>\n<p>Nel periodo dell\u2019utilizzo, le imposte legate al possesso dell\u2019immobile (ad esempio l\u2019IMU) sono a carico del proprietario, come nel caso dei contratti \u00a0di locazione. La TASI, invece, va pagata in parte dal proprietario e in parte dal conduttore, secondo le percentuali fissate da ciascun comune. La TARI (tassa sui rifiuti) \u00e8 invece a carico del conduttore, che in quanto detentore dell\u2019immobile, si avvale del servizio di raccolta dei rifiuti.<\/p>\n<p><em>Per saperne di pi\u00f9 sull&#8217;argomento scarica la Guida dalla sezione \u201cUtility\u201d del nostro sito.<\/em><\/p>\n<p>[\/et_pb_text][\/et_pb_column][\/et_pb_row][\/et_pb_section][et_pb_section bb_built=&#8221;1&#8243; fullwidth=&#8221;off&#8221; specialty=&#8221;off&#8221; prev_background_color=&#8221;#000000&#8243; _builder_version=&#8221;3.0.101&#8243; module_id=&#8221;il_footer&#8221; global_module=&#8221;71&#8243;][et_pb_row global_parent=&#8221;71&#8243; background_position=&#8221;top_left&#8221; background_repeat=&#8221;repeat&#8221; background_size=&#8221;initial&#8221;][et_pb_column type=&#8221;1_2&#8243;][et_pb_text global_parent=&#8221;71&#8243; _builder_version=&#8221;3.0.101&#8243; background_layout=&#8221;light&#8221;]<\/p>\n<p><strong>Padova<\/strong><br \/>\nPiazzetta G. Bettiol, 15, Padova (PD)<br \/>\nTel. +39 049 650233<br \/>\nemail <a href=\"mailto:info@studiocrivellari.it\">info@studiocrivellari.it<\/a><\/p>\n<p>[\/et_pb_text][et_pb_text global_parent=&#8221;71&#8243; _builder_version=&#8221;3.0.101&#8243; background_layout=&#8221;light&#8221;]<\/p>\n<p><strong>Stanghella<\/strong><br \/>\nVia Nazionale, 154, Stanghella (PD)<br \/>\nTel. +39 0425 95389<br \/>\nemail <a href=\"mailto:stanghella@studiocrivellari.it\">stanghella@studiocrivellari.it<\/a><\/p>\n<p>[\/et_pb_text][et_pb_text global_parent=&#8221;71&#8243; _builder_version=&#8221;3.0.101&#8243; background_layout=&#8221;light&#8221;]<\/p>\n<p><strong>Tombolo<\/strong><br \/>\nVia Municipio, 1\/A, Tombolo (PD)<br \/>\nTel. +39 049 5969475<br \/>\nemail <a href=\"mailto:tombolo@studiocrivellari.it\">tombolo@studiocrivellari.it<\/a><\/p>\n<p>[\/et_pb_text][et_pb_text global_parent=&#8221;71&#8243; _builder_version=&#8221;3.0.101&#8243; background_layout=&#8221;light&#8221;]<\/p>\n<p><strong>Maser\u00e0 di Padova<\/strong><br \/>\nVia Conselvana, 172, Maser\u00e0 di Padova (PD)<br \/>\nTel. +39 049 8862282<br \/>\nemail <a href=\"mailto:masera@studiocrivellari.it\">masera@studiocrivellari.it<\/a><\/p>\n<p>[\/et_pb_text][\/et_pb_column][et_pb_column type=&#8221;1_2&#8243;][et_pb_text global_parent=&#8221;71&#8243; _builder_version=&#8221;3.0.101&#8243; background_layout=&#8221;light&#8221;] <div role=\"form\" class=\"wpcf7\" id=\"wpcf7-f41-o1\" lang=\"it-IT\" dir=\"ltr\">\n<div class=\"screen-reader-response\"><p role=\"status\" aria-live=\"polite\" aria-atomic=\"true\"><\/p> <ul><\/ul><\/div>\n<form action=\"\/it\/wp-json\/wp\/v2\/pages\/757#wpcf7-f41-o1\" method=\"post\" class=\"wpcf7-form init\" novalidate=\"novalidate\" data-status=\"init\">\n<div style=\"display: none;\">\n<input type=\"hidden\" name=\"_wpcf7\" value=\"41\" \/>\n<input type=\"hidden\" name=\"_wpcf7_version\" value=\"5.6.3\" \/>\n<input type=\"hidden\" name=\"_wpcf7_locale\" value=\"it_IT\" \/>\n<input type=\"hidden\" name=\"_wpcf7_unit_tag\" value=\"wpcf7-f41-o1\" \/>\n<input type=\"hidden\" name=\"_wpcf7_container_post\" value=\"0\" \/>\n<input type=\"hidden\" name=\"_wpcf7_posted_data_hash\" value=\"\" \/>\n<\/div>\n<p><span class=\"wpcf7-form-control-wrap\" data-name=\"your-name\"><input type=\"text\" name=\"your-name\" value=\"\" size=\"40\" class=\"wpcf7-form-control wpcf7-text wpcf7-validates-as-required\" aria-required=\"true\" aria-invalid=\"false\" placeholder=\"Nome\" \/><\/span><\/p>\n<p><span class=\"wpcf7-form-control-wrap\" data-name=\"your-email\"><input type=\"email\" name=\"your-email\" value=\"\" size=\"40\" class=\"wpcf7-form-control wpcf7-text wpcf7-email wpcf7-validates-as-required wpcf7-validates-as-email\" aria-required=\"true\" aria-invalid=\"false\" placeholder=\"Email\" \/><\/span><\/p>\n<p><span class=\"wpcf7-form-control-wrap\" data-name=\"your-tel\"><input type=\"text\" name=\"your-tel\" value=\"\" size=\"40\" class=\"wpcf7-form-control wpcf7-text wpcf7-validates-as-required\" aria-required=\"true\" aria-invalid=\"false\" placeholder=\"Telefono\" \/><\/span><\/p>\n<p><span class=\"wpcf7-form-control-wrap\" data-name=\"your-subject\"><input type=\"text\" name=\"your-subject\" value=\"\" size=\"40\" class=\"wpcf7-form-control wpcf7-text wpcf7-validates-as-required\" aria-required=\"true\" aria-invalid=\"false\" placeholder=\"Oggetto\" \/><\/span><\/p>\n<p><span class=\"wpcf7-form-control-wrap\" data-name=\"your-message\"><textarea name=\"your-message\" cols=\"40\" rows=\"10\" class=\"wpcf7-form-control wpcf7-textarea wpcf7-validates-as-required\" aria-required=\"true\" aria-invalid=\"false\" placeholder=\"Richiesta\"><\/textarea><\/span><\/p>\n<p><span class=\"wpcf7-form-control-wrap\" data-name=\"acceptance\"><span class=\"wpcf7-form-control wpcf7-acceptance\"><span class=\"wpcf7-list-item\"><input type=\"checkbox\" name=\"acceptance\" value=\"1\" aria-invalid=\"false\" \/><\/span><\/span><\/span> Dichiaro di aver letto la <a href=\"\/privacy-policy\" target=\"_blank\">Privacy Policy<\/a>, pertanto presto il mio consenso per ricevere le informazioni richieste.<\/p>\n<p><input type=\"submit\" value=\"Invia\" class=\"wpcf7-form-control has-spinner wpcf7-submit\" \/><\/p>\n<div class=\"wpcf7-response-output\" aria-hidden=\"true\"><\/div><\/form><\/div> [\/et_pb_text][\/et_pb_column][\/et_pb_row][\/et_pb_section]<\/p>","protected":false},"excerpt":{"rendered":"<p>[et_pb_section bb_built=&#8221;1&#8243; next_background_color=&#8221;#000000&#8243; _builder_version=&#8221;3.0.101&#8243;][et_pb_row][et_pb_column type=&#8221;4_4&#8243;][et_pb_text _builder_version=&#8221;3.0.101&#8243; background_layout=&#8221;light&#8221;] Rent to Buy [\/et_pb_text][\/et_pb_column][\/et_pb_row][et_pb_row][et_pb_column type=&#8221;4_4&#8243;][et_pb_text _builder_version=&#8221;3.0.101&#8243; background_layout=&#8221;light&#8221;] Il rent to buy \u00e8 un nuovo tipo di contratto, introdotto nel nostro ordinamento dal c.d. Decreto Sblocca Italia (D.L. 133\/2014, convertito in Legge 164\/2014), con cui il proprietario\/concedente consegna fin da subito l\u2019immobile al conduttore\/futuro acquirente, il quale paga il [&hellip;]<\/p>\n","protected":false},"author":1,"featured_media":0,"parent":115,"menu_order":0,"comment_status":"closed","ping_status":"closed","template":"","meta":[],"_links":{"self":[{"href":"https:\/\/www.studiocrivellari.it\/it\/wp-json\/wp\/v2\/pages\/757"}],"collection":[{"href":"https:\/\/www.studiocrivellari.it\/it\/wp-json\/wp\/v2\/pages"}],"about":[{"href":"https:\/\/www.studiocrivellari.it\/it\/wp-json\/wp\/v2\/types\/page"}],"author":[{"embeddable":true,"href":"https:\/\/www.studiocrivellari.it\/it\/wp-json\/wp\/v2\/users\/1"}],"replies":[{"embeddable":true,"href":"https:\/\/www.studiocrivellari.it\/it\/wp-json\/wp\/v2\/comments?post=757"}],"version-history":[{"count":7,"href":"https:\/\/www.studiocrivellari.it\/it\/wp-json\/wp\/v2\/pages\/757\/revisions"}],"predecessor-version":[{"id":968,"href":"https:\/\/www.studiocrivellari.it\/it\/wp-json\/wp\/v2\/pages\/757\/revisions\/968"}],"up":[{"embeddable":true,"href":"https:\/\/www.studiocrivellari.it\/it\/wp-json\/wp\/v2\/pages\/115"}],"wp:attachment":[{"href":"https:\/\/www.studiocrivellari.it\/it\/wp-json\/wp\/v2\/media?parent=757"}],"curies":[{"name":"wp","href":"https:\/\/api.w.org\/{rel}","templated":true}]}}