{"id":766,"date":"2018-08-30T16:23:24","date_gmt":"2018-08-30T14:23:24","guid":{"rendered":"http:\/\/www.studiocrivellari.it\/?page_id=766"},"modified":"2018-12-17T14:06:02","modified_gmt":"2018-12-17T13:06:02","slug":"societa","status":"publish","type":"page","link":"https:\/\/www.studiocrivellari.it\/it\/servizi\/imprese\/societa\/","title":{"rendered":"Societ\u00e0"},"content":{"rendered":"<p>[et_pb_section bb_built=&#8221;1&#8243; next_background_color=&#8221;#000000&#8243; _builder_version=&#8221;3.0.101&#8243;][et_pb_row][et_pb_column type=&#8221;4_4&#8243;][et_pb_text _builder_version=&#8221;3.0.101&#8243; background_layout=&#8221;light&#8221;]<\/p>\n<h2>Societ\u00e0<\/h2>\n<p>[\/et_pb_text][\/et_pb_column][\/et_pb_row][et_pb_row][et_pb_column type=&#8221;4_4&#8243;][et_pb_text _builder_version=&#8221;3.0.101&#8243; background_layout=&#8221;light&#8221;]<\/p>\n<p>Nel momento in cui si decide di costituire una societ\u00e0, \u00e8 necessario capire prima, anche con l\u2019aiuto del notaio, quale tipo di societ\u00e0 risponde meglio alle proprie esigenze, sia sotto il profilo organizzativo, sia delle responsabilit\u00e0 e degli scopi da raggiungere.<\/p>\n<p>Si distinguono le <strong>societ\u00e0 di persone<\/strong> e le <strong>societ\u00e0 di capitali<\/strong>.<\/p>\n<p><strong>Le societ\u00e0 di persone non hanno personalit\u00e0 giuridica<\/strong>: delle obbligazioni della societ\u00e0 rispondono anche i soci; quindi i debiti della societ\u00e0 li pagano anche i soci (con l\u2019eccezione dei soci accomandanti nelle S.A.S.). Esistono:<\/p>\n<ul>\n<li>la societ\u00e0 semplice (S.S.);<\/li>\n<li>la societ\u00e0 in nome collettivo (S.N.C.);<\/li>\n<li>la societ\u00e0 in accomandita semplice (S.A.S.).<\/li>\n<\/ul>\n<p><strong>Le societ\u00e0 di capitali hanno personalit\u00e0 giuridica<\/strong>: delle obbligazioni della societ\u00e0 risponde solo la societ\u00e0, non i soci. I\u00a0debiti della societ\u00e0 li paga solo la societ\u00e0, non i soci (con alcune eccezioni previste dalla legge). Esistono:<\/p>\n<ul>\n<li>le societ\u00e0 per azioni (S.P.A.);<\/li>\n<li>le societ\u00e0 in accomandita per azioni (S.A.P.A.);<\/li>\n<li>le societ\u00e0 a responsabilit\u00e0 limitata (S.R.L.);<\/li>\n<li>le societ\u00e0 a responsabilit\u00e0 limitata semplificata (S.R.L.S.).<\/li>\n<\/ul>\n<p><strong>Anche le societ\u00e0 cooperative hanno personalit\u00e0 giuridica<\/strong>: delle obbligazioni della societ\u00e0 risponde solo la societ\u00e0, non i soci. i debiti della societ\u00e0 li paga solo la societ\u00e0, non i soci (con alcune eccezioni previste dalla legge).<\/p>\n<p>Le <strong>societ\u00e0 di capitali possono svolgere<\/strong>, attraverso la costituzione di <strong>consorzi<\/strong>, anche attivit\u00e0 consortile che consiste nella <strong>organizzazione comune per la disciplina e lo svolgimento di determinate fasi delle rispettive imprese<\/strong>.<\/p>\n<p>La <strong>personalit\u00e0 giuridica si acquista con l&#8217;iscrizione da parte del notaio dell&#8217;atto pubblico costitutivo della societ\u00e0 presso il Registro delle Imprese<\/strong>.<\/p>\n<h3>COSTITUIRE UNA SOCIET\u00c0<\/h3>\n<p><strong>Atto costitutivo<\/strong><\/p>\n<p>Le persone che intendono costituire una societ\u00e0 devono concludere dal notaio, per atto pubblico o scrittura privata autenticata, un <strong>contratto di societ\u00e0<\/strong> (anche detto atto costitutivo) attraverso il quale\u00a0due o pi\u00f9 persone conferiscono beni o servizi per l\u2019esercizio in comune di un\u2019attivit\u00e0 economica allo scopo di dividerne gli utili.<\/p>\n<p>Oggi \u00e8 ammessa anche la costituzione di una societ\u00e0 da parte di una sola persona, sia nella forma della societ\u00e0 per azioni, sia di societ\u00e0 a responsabilit\u00e0 limitata.<\/p>\n<p>L\u2019atto notarile contiene dati certi e attendibili grazie al controllo di legalit\u00e0 preventivo effettuato dal notaio e, una volta iscritto nel Registro delle Imprese, produce i suoi effetti nei confronti di tutti (tecnicamente definiti terzi). A ribadire la <strong>funzione di giustizia preventiva affidata al notaio in materia societaria<\/strong>, \u00e8 anche una recente norma di legge che prevede l\u2019<strong>iscrizione immediata per tutti gli atti societari, non solo l\u2019atto costitutivo, predisposti dal notaio nel registro delle imprese<\/strong>, lasciando a quest\u2019ultimo una verifica di \u201cseconda istanza\u201d.<\/p>\n<p>Il notaio, inoltre, ha una preparazione specifica in materia societaria e, intervenendo per legge in posizione di terziet\u00e0 ed indipendenza rispetto alle parti, \u00e8 in grado di consigliare i futuri soci nella stesura dell\u2019atto costitutivo e dei patti sociali contemperando gli interessi in campo per evitare futuri contenziosi. Nella stesura dell\u2019atto costitutivo, quindi, tiene conto delle esigenze specifiche dei soggetti interessati e dei riflessi che la costituzione e l\u2019attivit\u00e0 della societ\u00e0 produrr\u00e0 sul loro assetto patrimoniale (come, per esempio, la successione).<\/p>\n<p><strong>Oggetto sociale<\/strong><\/p>\n<p>Chi costituisce una societ\u00e0 con scopo di lucro vuole produrre degli utili esercitando, in comune con altri soggetti, una determinata <strong>attivit\u00e0 economica<\/strong> che costituisce l\u2019oggetto sociale e deve essere <strong>determinata nell\u2019atto costitutivo<\/strong>. Essa pu\u00f2 essere modificata nel corso della vita della societ\u00e0 solo con l\u2019osservanza dell\u2019atto costitutivo e dello statuto. L\u2019attivit\u00e0 economica che svolge la societ\u00e0 deve essere <strong>un\u2019attivit\u00e0 produttiva<\/strong>, a <strong>contenuto patrimoniale, finalizzata alla produzione o allo scambio di beni o servizi<\/strong>. Quindi non pu\u00f2 limitarsi al mero godimento di beni perch\u00e9, altrimenti, si avrebbe una comunione.<\/p>\n<p><strong>Conferimenti<\/strong><\/p>\n<p>I conferimenti sono le prestazioni a cui i soci si obbligano con il contratto di societ\u00e0.<\/p>\n<p>In generale, pu\u00f2 costituire oggetto di conferimento da parte dei soci qualsiasi bene che abbia un valore economico: denaro, beni in natura, beni mobili, beni immobili, beni materiali o immateriali (come i marchi, ad esempio) ma anche crediti, rami di aziende o aziende intere, nonch\u00e9 prestazioni di attivit\u00e0 lavorativa, sia manuale sia intellettuale.<\/p>\n<p>I beni possono essere trasferiti alla societ\u00e0 in propriet\u00e0 oppure anche solo concessi in godimento (affitto, locazione).<\/p>\n<p>I conferimenti costituiscono, quindi, i contributi dei soci alla formazione del patrimonio iniziale della societ\u00e0 per lo svolgimento dell\u2019attivit\u00e0 di impresa.<\/p>\n<p>Il <strong>patrimonio sociale<\/strong> \u00e8 l\u2019insieme dei rapporti giuridici, attivi e passivi, che fanno capo alla societ\u00e0. Inizialmente \u00e8 costituito dall\u2019insieme dei conferimenti eseguiti o promessi dai soci. Nel corso della vita della societ\u00e0 il patrimonio sociale subisce continue variazioni in relazione alle vicende economiche della societ\u00e0. La sua<strong> consistenza (attivit\u00e0 e passivit\u00e0)<\/strong> viene <strong>accertata<\/strong> periodicamente attraverso la redazione annuale del <strong>bilancio di esercizio<\/strong>. La <strong>differenza tra attivit\u00e0 e passivit\u00e0<\/strong> viene definita \u201c<strong>patrimonio netto<\/strong>\u201d. Il patrimonio della societ\u00e0 svolge una funzione di garanzia generale per i creditori: quando la societ\u00e0 risulta inadempiente, i creditori possono agire in giudizio per il soddisfacimento sul suo patrimonio.<\/p>\n<p>Il <strong>capitale sociale<\/strong> esprime il valore in denaro dei conferimenti, come risulta dalla valutazione compiuta nell\u2019atto costitutivo della societ\u00e0. Capitale sociale 100 vuol dire che i soci si sono obbligati a conferire (capitale sottoscritto) e\/o hanno conferito (capitale versato) denaro o altre entit\u00e0 che, al momento della stipulazione del contratto di societ\u00e0, avevano valore monetario pari a 100.<\/p>\n<p>Il capitale sociale rimane <strong>immutato nel corso della vita della societ\u00e0<\/strong> fino a quando, con modifica dell\u2019atto costitutivo, non si decide di <strong>aumentarlo<\/strong> o di <strong>ridurlo<\/strong> (il patrimonio sociale, invece varia continuamente).<\/p>\n<p>[\/et_pb_text][\/et_pb_column][\/et_pb_row][\/et_pb_section][et_pb_section bb_built=&#8221;1&#8243; fullwidth=&#8221;off&#8221; specialty=&#8221;off&#8221; prev_background_color=&#8221;#000000&#8243; _builder_version=&#8221;3.0.101&#8243; module_id=&#8221;il_footer&#8221; global_module=&#8221;71&#8243;][et_pb_row global_parent=&#8221;71&#8243; background_position=&#8221;top_left&#8221; background_repeat=&#8221;repeat&#8221; background_size=&#8221;initial&#8221;][et_pb_column type=&#8221;1_2&#8243;][et_pb_text global_parent=&#8221;71&#8243; _builder_version=&#8221;3.0.101&#8243; background_layout=&#8221;light&#8221;]<\/p>\n<p><strong>Padova<\/strong><br \/>\nPiazzetta G. Bettiol, 15, Padova (PD)<br \/>\nTel. +39 049 650233<br \/>\nemail <a href=\"mailto:info@studiocrivellari.it\">info@studiocrivellari.it<\/a><\/p>\n<p>[\/et_pb_text][et_pb_text global_parent=&#8221;71&#8243; _builder_version=&#8221;3.0.101&#8243; background_layout=&#8221;light&#8221;]<\/p>\n<p><strong>Stanghella<\/strong><br \/>\nVia Nazionale, 154, Stanghella (PD)<br \/>\nTel. +39 0425 95389<br \/>\nemail <a href=\"mailto:stanghella@studiocrivellari.it\">stanghella@studiocrivellari.it<\/a><\/p>\n<p>[\/et_pb_text][et_pb_text global_parent=&#8221;71&#8243; _builder_version=&#8221;3.0.101&#8243; background_layout=&#8221;light&#8221;]<\/p>\n<p><strong>Tombolo<\/strong><br \/>\nVia Municipio, 1\/A, Tombolo (PD)<br \/>\nTel. +39 049 5969475<br \/>\nemail <a href=\"mailto:tombolo@studiocrivellari.it\">tombolo@studiocrivellari.it<\/a><\/p>\n<p>[\/et_pb_text][et_pb_text global_parent=&#8221;71&#8243; _builder_version=&#8221;3.0.101&#8243; background_layout=&#8221;light&#8221;]<\/p>\n<p><strong>Maser\u00e0 di Padova<\/strong><br \/>\nVia Conselvana, 172, Maser\u00e0 di Padova (PD)<br \/>\nTel. +39 049 8862282<br \/>\nemail <a href=\"mailto:masera@studiocrivellari.it\">masera@studiocrivellari.it<\/a><\/p>\n<p>[\/et_pb_text][\/et_pb_column][et_pb_column type=&#8221;1_2&#8243;][et_pb_text global_parent=&#8221;71&#8243; _builder_version=&#8221;3.0.101&#8243; background_layout=&#8221;light&#8221;] <div role=\"form\" class=\"wpcf7\" id=\"wpcf7-f41-o1\" lang=\"it-IT\" dir=\"ltr\">\n<div class=\"screen-reader-response\"><p role=\"status\" aria-live=\"polite\" aria-atomic=\"true\"><\/p> <ul><\/ul><\/div>\n<form action=\"\/it\/wp-json\/wp\/v2\/pages\/766#wpcf7-f41-o1\" method=\"post\" class=\"wpcf7-form init\" novalidate=\"novalidate\" data-status=\"init\">\n<div style=\"display: none;\">\n<input type=\"hidden\" name=\"_wpcf7\" value=\"41\" \/>\n<input type=\"hidden\" name=\"_wpcf7_version\" value=\"5.6.3\" \/>\n<input type=\"hidden\" name=\"_wpcf7_locale\" value=\"it_IT\" \/>\n<input type=\"hidden\" name=\"_wpcf7_unit_tag\" value=\"wpcf7-f41-o1\" \/>\n<input type=\"hidden\" name=\"_wpcf7_container_post\" value=\"0\" \/>\n<input type=\"hidden\" name=\"_wpcf7_posted_data_hash\" value=\"\" \/>\n<\/div>\n<p><span class=\"wpcf7-form-control-wrap\" data-name=\"your-name\"><input type=\"text\" name=\"your-name\" value=\"\" size=\"40\" class=\"wpcf7-form-control wpcf7-text wpcf7-validates-as-required\" aria-required=\"true\" aria-invalid=\"false\" placeholder=\"Nome\" \/><\/span><\/p>\n<p><span class=\"wpcf7-form-control-wrap\" data-name=\"your-email\"><input type=\"email\" name=\"your-email\" value=\"\" size=\"40\" class=\"wpcf7-form-control wpcf7-text wpcf7-email wpcf7-validates-as-required wpcf7-validates-as-email\" aria-required=\"true\" aria-invalid=\"false\" placeholder=\"Email\" \/><\/span><\/p>\n<p><span class=\"wpcf7-form-control-wrap\" data-name=\"your-tel\"><input type=\"text\" name=\"your-tel\" value=\"\" size=\"40\" class=\"wpcf7-form-control wpcf7-text wpcf7-validates-as-required\" aria-required=\"true\" aria-invalid=\"false\" placeholder=\"Telefono\" \/><\/span><\/p>\n<p><span class=\"wpcf7-form-control-wrap\" data-name=\"your-subject\"><input type=\"text\" name=\"your-subject\" value=\"\" size=\"40\" class=\"wpcf7-form-control wpcf7-text wpcf7-validates-as-required\" aria-required=\"true\" aria-invalid=\"false\" placeholder=\"Oggetto\" \/><\/span><\/p>\n<p><span class=\"wpcf7-form-control-wrap\" data-name=\"your-message\"><textarea name=\"your-message\" cols=\"40\" rows=\"10\" class=\"wpcf7-form-control wpcf7-textarea wpcf7-validates-as-required\" aria-required=\"true\" aria-invalid=\"false\" placeholder=\"Richiesta\"><\/textarea><\/span><\/p>\n<p><span class=\"wpcf7-form-control-wrap\" data-name=\"acceptance\"><span class=\"wpcf7-form-control wpcf7-acceptance\"><span class=\"wpcf7-list-item\"><input type=\"checkbox\" name=\"acceptance\" value=\"1\" aria-invalid=\"false\" \/><\/span><\/span><\/span> Dichiaro di aver letto la <a href=\"\/privacy-policy\" target=\"_blank\">Privacy Policy<\/a>, pertanto presto il mio consenso per ricevere le informazioni richieste.<\/p>\n<p><input type=\"submit\" value=\"Invia\" class=\"wpcf7-form-control has-spinner wpcf7-submit\" \/><\/p>\n<div class=\"wpcf7-response-output\" aria-hidden=\"true\"><\/div><\/form><\/div> [\/et_pb_text][\/et_pb_column][\/et_pb_row][\/et_pb_section]<\/p>","protected":false},"excerpt":{"rendered":"<p>[et_pb_section bb_built=&#8221;1&#8243; next_background_color=&#8221;#000000&#8243; _builder_version=&#8221;3.0.101&#8243;][et_pb_row][et_pb_column type=&#8221;4_4&#8243;][et_pb_text _builder_version=&#8221;3.0.101&#8243; background_layout=&#8221;light&#8221;] Societ\u00e0 [\/et_pb_text][\/et_pb_column][\/et_pb_row][et_pb_row][et_pb_column type=&#8221;4_4&#8243;][et_pb_text _builder_version=&#8221;3.0.101&#8243; background_layout=&#8221;light&#8221;] Nel momento in cui si decide di costituire una societ\u00e0, \u00e8 necessario capire prima, anche con l\u2019aiuto del notaio, quale tipo di societ\u00e0 risponde meglio alle proprie esigenze, sia sotto il profilo organizzativo, sia delle responsabilit\u00e0 e degli scopi da raggiungere. Si distinguono [&hellip;]<\/p>\n","protected":false},"author":1,"featured_media":0,"parent":119,"menu_order":0,"comment_status":"closed","ping_status":"closed","template":"","meta":[],"_links":{"self":[{"href":"https:\/\/www.studiocrivellari.it\/it\/wp-json\/wp\/v2\/pages\/766"}],"collection":[{"href":"https:\/\/www.studiocrivellari.it\/it\/wp-json\/wp\/v2\/pages"}],"about":[{"href":"https:\/\/www.studiocrivellari.it\/it\/wp-json\/wp\/v2\/types\/page"}],"author":[{"embeddable":true,"href":"https:\/\/www.studiocrivellari.it\/it\/wp-json\/wp\/v2\/users\/1"}],"replies":[{"embeddable":true,"href":"https:\/\/www.studiocrivellari.it\/it\/wp-json\/wp\/v2\/comments?post=766"}],"version-history":[{"count":4,"href":"https:\/\/www.studiocrivellari.it\/it\/wp-json\/wp\/v2\/pages\/766\/revisions"}],"predecessor-version":[{"id":831,"href":"https:\/\/www.studiocrivellari.it\/it\/wp-json\/wp\/v2\/pages\/766\/revisions\/831"}],"up":[{"embeddable":true,"href":"https:\/\/www.studiocrivellari.it\/it\/wp-json\/wp\/v2\/pages\/119"}],"wp:attachment":[{"href":"https:\/\/www.studiocrivellari.it\/it\/wp-json\/wp\/v2\/media?parent=766"}],"curies":[{"name":"wp","href":"https:\/\/api.w.org\/{rel}","templated":true}]}}